{"id":35264,"date":"2026-01-23T12:18:14","date_gmt":"2026-01-23T11:18:14","guid":{"rendered":"https:\/\/chroniques.org\/cartography\/"},"modified":"2026-03-30T13:55:48","modified_gmt":"2026-03-30T11:55:48","slug":"cartography","status":"publish","type":"page","link":"https:\/\/chroniques.org\/en\/cartography\/","title":{"rendered":"Cartography"},"content":{"rendered":"\n<div style=\"height:25px\" aria-hidden=\"true\" class=\"wp-block-spacer\"><\/div>\n\n<p>Designated as a Regional Hub for Digital Creation by the Directorate General for Artistic Creation (DGCA) of the Ministry of Culture, with support from the DRAC Provence-Alpes-C\u00f4te d&#8217;Azur, CHRONIQUES is committed to raising the profile of and connecting digital creators in the Sud region.<\/p>\n\n<p><strong>This regional map aims to foster connections among practitioners in the field of digital artistic creation in the South region, encourage the emergence of new collaborations, and raise awareness of this ecosystem.<\/strong> It is intended for organizations as well as artists and independent professionals. <br\/><\/p>\n\n<p><strong>Are you part of this ecosystem? Sign up. <\/strong> You can sign up using an online form.<\/p>\n\n<div class=\"wp-block-buttons is-layout-flex wp-block-buttons-is-layout-flex\">\n<div class=\"wp-block-button\"><a class=\"wp-block-button__link wp-element-button\" href=\"https:\/\/forms.fillout.com\/t\/j9zJNaauWpus\" target=\"_blank\" rel=\"noreferrer noopener\">Registration<\/a><\/div>\n<\/div>\n\n<hr class=\"wp-block-separator has-alpha-channel-opacity is-style-wide\"\/>\n\n<div style=\"height:43px\" aria-hidden=\"true\" class=\"wp-block-spacer\"><\/div>\n\n<div class=\"carto-snzn-container\">\n\n    <div class=\"carto-snzn-left\">\n\n        <div class=\"carto-snzn-filters\">\n            <select id=\"filter-type\"><\/select>\n            <select id=\"filter-forme\"><\/select>\n            <select id=\"filter-domaines\"><\/select>\n            <select id=\"filter-competences\"><\/select>\n            <select id=\"filter-aides\"><\/select>\n            <select id=\"filter-equipements\"><\/select>\n            <select id=\"filter-ville\"><\/select>\n            <button id=\"reset-filters\">R\u00e9initialiser<\/button>\n        <\/div>\n\n        <div class=\"carto-snzn-search\">\n            <input type=\"search\" id=\"search-input\" placeholder=\"Rechercher par nom, ville, type, forme, domaine\u2026\">\n        <\/div>\n\n        <div class=\"carto-snzn-toggle\">\n            <button id=\"toggle-map\" class=\"active\">Carte<\/button>\n            <button id=\"toggle-list\">Liste<\/button>\n        <\/div>\n\n        <div id=\"carto-snzn-detail\" class=\"carto-snzn-detail\">\n            Cliquez sur un point ou un \u00e9l\u00e9ment pour voir les d\u00e9tails\n        <\/div>\n\n    <\/div>\n\n    <div id=\"carto-snzn-map\" class=\"carto-snzn-map\"><\/div>\n    <div id=\"carto-snzn-list\" class=\"carto-snzn-list\"><\/div>\n\n<\/div>\n\n<hr class=\"wp-block-separator has-alpha-channel-opacity is-style-wide\"\/>\n\n<p style=\"font-size:22px\">We would like to thank the students and staff at ECV Aix-en-Provence, without whom this project would not have been possible: Olivia Ruf, Caiping Yang, Vanessa Ospina, Matthieu Marsolan, Daniel East, Maxime Latour, and Vanille A Nour. Special thanks also to Pierre Pulisciano and Anouk Chambon. <\/p>\n","protected":false},"excerpt":{"rendered":"<p>Designated as a Regional Hub for Digital Creation by the Directorate General for Artistic Creation (DGCA) of the Ministry of [&hellip;]<\/p>\n","protected":false},"author":1,"featured_media":0,"parent":0,"menu_order":0,"comment_status":"closed","ping_status":"closed","template":"","meta":{"footnotes":""},"class_list":["post-35264","page","type-page","status-publish","hentry","entry"],"_links":{"self":[{"href":"https:\/\/chroniques.org\/en\/wp-json\/wp\/v2\/pages\/35264","targetHints":{"allow":["GET"]}}],"collection":[{"href":"https:\/\/chroniques.org\/en\/wp-json\/wp\/v2\/pages"}],"about":[{"href":"https:\/\/chroniques.org\/en\/wp-json\/wp\/v2\/types\/page"}],"author":[{"embeddable":true,"href":"https:\/\/chroniques.org\/en\/wp-json\/wp\/v2\/users\/1"}],"replies":[{"embeddable":true,"href":"https:\/\/chroniques.org\/en\/wp-json\/wp\/v2\/comments?post=35264"}],"version-history":[{"count":1,"href":"https:\/\/chroniques.org\/en\/wp-json\/wp\/v2\/pages\/35264\/revisions"}],"predecessor-version":[{"id":35265,"href":"https:\/\/chroniques.org\/en\/wp-json\/wp\/v2\/pages\/35264\/revisions\/35265"}],"wp:attachment":[{"href":"https:\/\/chroniques.org\/en\/wp-json\/wp\/v2\/media?parent=35264"}],"curies":[{"name":"wp","href":"https:\/\/api.w.org\/{rel}","templated":true}]}}