{"id":34766,"date":"2025-11-12T17:02:04","date_gmt":"2025-11-12T16:02:04","guid":{"rendered":"https:\/\/chroniques.org\/networks\/consulting-expertise\/"},"modified":"2025-11-12T17:07:47","modified_gmt":"2025-11-12T16:07:47","slug":"consulting-expertise","status":"publish","type":"page","link":"https:\/\/chroniques.org\/en\/networks\/consulting-expertise\/","title":{"rendered":"Consulting &amp; expertise"},"content":{"rendered":"\n<p>Digital creation and a deep understanding of technology-related changes have become areas of expertise for CHRONIQUES, both artistically (programming, production, mediation) and in terms of public policy developments (support, funding, training). <\/p>\n\n<p>The CHRONIQUES team shares these skills through an offering aimed at stakeholders in the arts and culture sector, as well as businesses, project leaders, public institutions, and politicians. <br\/>Support, training, expertise and advice, to help you develop your skills in the field of digital creation, which is at the heart of all transformations.<\/p>\n\n<div style=\"height:100px\" aria-hidden=\"true\" class=\"wp-block-spacer\"><\/div>\n\n<h3 class=\"wp-block-heading\">Here are a few concrete examples: <\/h3>\n\n<p><strong>Training :<\/strong><\/p>\n\n<ul class=\"wp-block-list\">\n<li><strong>Training for the Instituts Fran\u00e7ais network under the agreement with IF Paris<a href=\"https:\/\/www.institutfrancais.com\/fr\/offre\/offre-de-formation-de-institut-francais\"><\/a><\/strong><\/li>\n\n\n\n<li><strong>Training for agents of the Ministry of Culture and decentralized services set up with the DGCA<a href=\"https:\/\/www.culture.gouv.fr\/Nous-connaitre\/Organisation-du-ministere\/La-direction-generale-de-la-creation-artistique\"><\/a><\/strong><\/li>\n\n\n\n<li><strong>Training and support for artists<\/strong><\/li>\n<\/ul>\n\n<hr class=\"wp-block-separator alignwide has-alpha-channel-opacity is-style-wide\"\/>\n\n<p><strong>Training and support dExpertise (curating, training, juries, consulting &#8230;)<\/strong><\/p>\n\n<ul class=\"wp-block-list\">\n<li><strong>Commissariat centre d\u2019art et festivals :<\/strong> <a href=\"https:\/\/www.espacemultimediagantner.cg90.net\/fr\/exposition\/irisations\/\">Irisations au Centre d\u2019Art de Bourogne<\/a>, <a href=\"https:\/\/www.stereolux.org\/scopitone-2023\">Festival Scopitone et St\u00e9r\u00e9olux<\/a>, <a href=\"https:\/\/www.collegiale-saint-martin.fr\/la-collegiale\">Collegiale St Marin , centre culturel du d\u00e9partement Maine et loire<\/a><\/li>\n\n\n\n<li><strong>Consulting:<\/strong> Study on the definition of a strategic project for the enhancement and management of the Ch\u00e2teau de Castries, Providence Cultural Center, Gap<\/li>\n\n\n\n<li><strong>Jury members:<\/strong> Dicr\u00e9am CNC, M\u00e9diation num\u00e9rique, Villa Kujoyama, Fabrique de Territoire, manufacture de proximit\u00e9, cr\u00e9ation num\u00e9rique R\u00e9gion Grand Est, R\u00e9gion Auvergne Rh\u00f4ne Alpes, R\u00e9gion Sud, Biennale de Mulhouse, Plateforme Parall\u00e8le &#8211; La rel\u00e8ve\u2026.<\/li>\n\n\n\n<li><strong>Organization of and participation in round tables, symposia, seminars, conferences, etc.<\/strong><\/li>\n\n\n\n<li><strong><a href=\"https:\/\/fnadac.fr\/\">FNADAC<\/a> experts<\/strong><\/li>\n\n\n\n<li><strong>Board members : <a href=\"https:\/\/hacnum.org\/\">HACNUM<\/a>, <a href=\"https:\/\/www.observatoire-culture.net\/\">Observatoire des Politiques Culturelles<\/a>, <a href=\"https:\/\/www.hubdusud.fr\/\">Hub du Sud<\/a><\/strong><\/li>\n<\/ul>\n\n<div style=\"height:100px\" aria-hidden=\"true\" id=\"contact\" class=\"wp-block-spacer\"><\/div>\n\n<h1 class=\"wp-block-heading has-large-font-size\">Contact us<\/h1>\n<style id=\"wpforms-css-vars-30900-block-5506b166-991f-4c15-a370-7a953290da19\">\n\t\t\t\t#wpforms-30900.wpforms-block-5506b166-991f-4c15-a370-7a953290da19 {\n\t\t\t\t--wpforms-field-border-radius: 20px;\n--wpforms-field-background-color: transparent;\n--wpforms-field-border-color: #1D1D1C;\n--wpforms-field-border-color-spare: #1D1D1C;\n--wpforms-field-text-color: #1D1D1C;\n--wpforms-label-color: #1D1D1C;\n--wpforms-label-sublabel-color: #1D1D1C;\n--wpforms-button-border-radius: 20px;\n--wpforms-button-background-color: #066aab;\n--wpforms-button-text-color: #1D1D1C;\n--wpforms-button-background-color-alt: transparent;\n\t\t\t}\n\t\t\t<\/style><div class=\"wpforms-container wpforms-container-full wpforms-block wpforms-block-5506b166-991f-4c15-a370-7a953290da19 wpforms-render-modern\" id=\"wpforms-30900\"><form id=\"wpforms-form-30900\" class=\"wpforms-validate wpforms-form wpforms-ajax-form\" data-formid=\"30900\" method=\"post\" enctype=\"multipart\/form-data\" action=\"\/en\/wp-json\/wp\/v2\/pages\/34766\" data-token=\"76cf0b210d8de3965a4920c590366f7a\" data-token-time=\"1776204949\"><noscript class=\"wpforms-error-noscript\">Please enable JavaScript in your browser to complete this form.<\/noscript><div id=\"wpforms-error-noscript\" style=\"display: none;\">Please enable JavaScript in your browser to complete this form.<\/div><div class=\"wpforms-field-container\"><div id=\"wpforms-30900-field_0-container\" class=\"wpforms-field wpforms-field-name\" data-field-id=\"0\"><fieldset><legend class=\"wpforms-field-label\">Nom <span class=\"wpforms-required-label\" aria-hidden=\"true\">*<\/span><\/legend><div class=\"wpforms-field-row wpforms-field-medium\"><div class=\"wpforms-field-row-block wpforms-first wpforms-one-half\"><input type=\"text\" id=\"wpforms-30900-field_0\" class=\"wpforms-field-name-first wpforms-field-required\" name=\"wpforms[fields][0][first]\" aria-errormessage=\"wpforms-30900-field_0-error\" required><label for=\"wpforms-30900-field_0\" class=\"wpforms-field-sublabel after\">First<\/label><\/div><div class=\"wpforms-field-row-block wpforms-one-half\"><input type=\"text\" id=\"wpforms-30900-field_0-last\" class=\"wpforms-field-name-last wpforms-field-required\" name=\"wpforms[fields][0][last]\" aria-errormessage=\"wpforms-30900-field_0-last-error\" required><label for=\"wpforms-30900-field_0-last\" class=\"wpforms-field-sublabel after\">Last<\/label><\/div><\/div><\/fieldset><\/div><div id=\"wpforms-30900-field_1-container\" class=\"wpforms-field wpforms-field-email\" data-field-id=\"1\"><label class=\"wpforms-field-label\" for=\"wpforms-30900-field_1\">E-mail <span class=\"wpforms-required-label\" aria-hidden=\"true\">*<\/span><\/label><input type=\"email\" id=\"wpforms-30900-field_1\" class=\"wpforms-field-medium wpforms-field-required\" name=\"wpforms[fields][1]\" spellcheck=\"false\" aria-errormessage=\"wpforms-30900-field_1-error\" required><\/div><div id=\"wpforms-30900-field_2-container\" class=\"wpforms-field wpforms-field-textarea\" data-field-id=\"2\"><label class=\"wpforms-field-label\" for=\"wpforms-30900-field_2\">Commentaire ou message <span class=\"wpforms-required-label\" aria-hidden=\"true\">*<\/span><\/label><textarea id=\"wpforms-30900-field_2\" class=\"wpforms-field-medium wpforms-field-required\" name=\"wpforms[fields][2]\" aria-errormessage=\"wpforms-30900-field_2-error\" required><\/textarea><\/div><\/div><!-- .wpforms-field-container --><div class=\"wpforms-recaptcha-container wpforms-is-recaptcha wpforms-is-recaptcha-type-invisible\" ><div class=\"g-recaptcha\" data-sitekey=\"6LffCaUpAAAAAGYCZuLffB3tPmr_kjfh6p6cAXzg\" data-size=\"invisible\"><\/div><\/div><div class=\"wpforms-submit-container\" ><input type=\"hidden\" name=\"wpforms[id]\" value=\"30900\"><input type=\"hidden\" name=\"page_title\" value=\"\"><input type=\"hidden\" name=\"page_url\" value=\"https:\/\/chroniques.org\/en\/wp-json\/wp\/v2\/pages\/34766\"><input type=\"hidden\" name=\"url_referer\" value=\"\"><button type=\"submit\" name=\"wpforms[submit]\" id=\"wpforms-submit-30900\" class=\"wpforms-submit\" data-alt-text=\"Envoi...\" data-submit-text=\"Envoyer\" aria-live=\"assertive\" value=\"wpforms-submit\">Envoyer<\/button><img loading=\"lazy\" decoding=\"async\" src=\"https:\/\/chroniques.org\/wp-content\/plugins\/wpforms-lite\/assets\/images\/submit-spin.svg\" class=\"wpforms-submit-spinner\" style=\"display: none;\" width=\"26\" height=\"26\" alt=\"Loading\"><\/div><\/form><\/div>  <!-- .wpforms-container -->","protected":false},"excerpt":{"rendered":"<p>Digital creation and a deep understanding of technology-related changes have become areas of expertise for CHRONIQUES, both artistically (programming, production, [&hellip;]<\/p>\n","protected":false},"author":1,"featured_media":0,"parent":30494,"menu_order":0,"comment_status":"closed","ping_status":"closed","template":"","meta":{"footnotes":""},"class_list":["post-34766","page","type-page","status-publish","hentry","entry"],"_links":{"self":[{"href":"https:\/\/chroniques.org\/en\/wp-json\/wp\/v2\/pages\/34766","targetHints":{"allow":["GET"]}}],"collection":[{"href":"https:\/\/chroniques.org\/en\/wp-json\/wp\/v2\/pages"}],"about":[{"href":"https:\/\/chroniques.org\/en\/wp-json\/wp\/v2\/types\/page"}],"author":[{"embeddable":true,"href":"https:\/\/chroniques.org\/en\/wp-json\/wp\/v2\/users\/1"}],"replies":[{"embeddable":true,"href":"https:\/\/chroniques.org\/en\/wp-json\/wp\/v2\/comments?post=34766"}],"version-history":[{"count":1,"href":"https:\/\/chroniques.org\/en\/wp-json\/wp\/v2\/pages\/34766\/revisions"}],"predecessor-version":[{"id":34767,"href":"https:\/\/chroniques.org\/en\/wp-json\/wp\/v2\/pages\/34766\/revisions\/34767"}],"up":[{"embeddable":true,"href":"https:\/\/chroniques.org\/en\/wp-json\/wp\/v2\/pages\/30494"}],"wp:attachment":[{"href":"https:\/\/chroniques.org\/en\/wp-json\/wp\/v2\/media?parent=34766"}],"curies":[{"name":"wp","href":"https:\/\/api.w.org\/{rel}","templated":true}]}}