{"id":30496,"date":"2023-11-28T18:22:05","date_gmt":"2023-11-28T17:22:05","guid":{"rendered":"https:\/\/chroniques.org\/networks\/expertise-and-advice\/"},"modified":"2024-01-31T16:26:30","modified_gmt":"2024-01-31T15:26:30","slug":"expertise-and-advice","status":"publish","type":"page","link":"https:\/\/chroniques.org\/en\/networks\/expertise-and-advice\/","title":{"rendered":"Expertise and advice"},"content":{"rendered":"\n<p><\/p>\n\n\n\n<p><\/p>\n\n\n\n<div class=\"wp-block-group alignwide is-style-offset is-layout-flow wp-block-group-is-layout-flow\">\n<p>As a cultural operator operating locally, nationally and internationally, CHRONIQUES is involved in numerous professional networks. This involvement and our work in the field have enabled us to develop a very good knowledge of creation in the digital environment, whether in artistic or cultural terms, or in terms of the evolution of public policies and organizations.<\/p>\n\n\n\n<p>The CHRONIQUES team shares these skills through an offer aimed at players in the artistic and cultural sector, but also at companies, project leaders, public institutions and politicians. Support, training, expertise and advice, to help you develop your skills in the field of digital creation, which is at the heart of all transformations.<\/p>\n\n\n\n<p><strong>Would you like to find out more or work with us?<\/strong><\/p>\n\n\n\n<div class=\"wp-block-buttons is-layout-flex wp-block-buttons-is-layout-flex\">\n<div class=\"wp-block-button\"><a class=\"wp-block-button__link wp-element-button\" href=\"#Form-exp\">Contact us<\/a><\/div>\n<\/div>\n<\/div>\n\n\n\n<div style=\"height:100px\" aria-hidden=\"true\" class=\"wp-block-spacer\"><\/div>\n\n\n\n<h3 class=\"wp-block-heading\">Here are a few concrete examples: <\/h3>\n\n\n\n<hr class=\"wp-block-separator alignwide has-alpha-channel-opacity is-style-wide\"\/>\n\n\n\n<p><strong>Heads of national and international networks :<\/strong><\/p>\n\n\n\n<ul class=\"wp-block-list\">\n<li><strong>Co-founder <a href=\"https:\/\/hacnum.org\/\">of HACNUM<\/a> national network for hybrid arts and digital cultures<\/strong><\/li>\n\n\n\n<li><strong>Co-founder member of SCICs: <a href=\"https:\/\/www.lafriche.org\/\">Belle de Mai<\/a>, <a href=\"https:\/\/lamednum.coop\/\">MEDNUM<\/a><\/strong><\/li>\n\n\n\n<li><strong>Co-founder of the <a href=\"https:\/\/francetierslieux.fr\/reseaux-regionaux\/\">Regional Third-Place Network<\/a><\/strong><\/li>\n\n\n\n<li><strong>Coordination and co-writing of the application to obtain the <a href=\"https:\/\/www.lafriche.org\/app\/uploads\/2021\/10\/Fabrique-de-territoire.pdf\">Fabrique de territoire label<\/a> for the SCIC de la Belle de Mai.<\/strong><\/li>\n<\/ul>\n\n\n\n<hr class=\"wp-block-separator alignwide has-alpha-channel-opacity is-style-wide\"\/>\n\n\n\n<p><strong>Training :<\/strong><\/p>\n\n\n\n<ul class=\"wp-block-list\">\n<li><strong>Training for the Instituts Fran\u00e7ais network under the agreement with IF Paris<a href=\"https:\/\/www.institutfrancais.com\/fr\/offre\/offre-de-formation-de-institut-francais\"><\/a><\/strong><\/li>\n\n\n\n<li><strong>Training for agents of the Ministry of Culture and decentralized services set up with the DGCA<a href=\"https:\/\/www.culture.gouv.fr\/Nous-connaitre\/Organisation-du-ministere\/La-direction-generale-de-la-creation-artistique\"><\/a><\/strong><\/li>\n\n\n\n<li><strong>Training and support for artists<\/strong><\/li>\n<\/ul>\n\n\n\n<hr class=\"wp-block-separator alignwide has-alpha-channel-opacity is-style-wide\"\/>\n\n\n\n<p><strong>Training and support dExpertise (curating, training, juries, consulting &#8230;)<\/strong><\/p>\n\n\n\n<ul class=\"wp-block-list\">\n<li><strong>Commissariat centre d\u2019art et festivals :<\/strong> <a href=\"https:\/\/www.espacemultimediagantner.cg90.net\/fr\/exposition\/irisations\/\">Irisations au Centre d\u2019Art de Bourogne<\/a>, <a href=\"https:\/\/www.stereolux.org\/scopitone-2023\">Festival Scopitone et St\u00e9r\u00e9olux<\/a>, <a href=\"https:\/\/www.collegiale-saint-martin.fr\/la-collegiale\">Collegiale St Marin , centre culturel du d\u00e9partement Maine et loire<\/a><\/li>\n\n\n\n<li><strong>Consulting:<\/strong> Study on the definition of a strategic project for the enhancement and management of the Ch\u00e2teau de Castries, Providence Cultural Center, Gap<\/li>\n\n\n\n<li><strong>Jury members:<\/strong> Dicr\u00e9am CNC, M\u00e9diation num\u00e9rique, Villa Kujoyama, Fabrique de Territoire, manufacture de proximit\u00e9, cr\u00e9ation num\u00e9rique R\u00e9gion Grand Est, R\u00e9gion Auvergne Rh\u00f4ne Alpes, R\u00e9gion Sud, Biennale de Mulhouse, Plateforme Parall\u00e8le &#8211; La rel\u00e8ve\u2026.<\/li>\n\n\n\n<li><strong>Organization of and participation in round tables, symposia, seminars, conferences, etc.<\/strong><\/li>\n\n\n\n<li><strong><a href=\"https:\/\/fnadac.fr\/\">FNADAC<\/a> experts<\/strong><\/li>\n\n\n\n<li><strong>Board members : <a href=\"https:\/\/hacnum.org\/\">HACNUM<\/a>, <a href=\"https:\/\/www.observatoire-culture.net\/\">Observatoire des Politiques Culturelles<\/a>, <a href=\"https:\/\/www.hubdusud.fr\/\">Hub du Sud<\/a><\/strong><\/li>\n<\/ul>\n\n\n\n<div style=\"height:100px\" aria-hidden=\"true\" id=\"Form-exp\" class=\"wp-block-spacer\"><\/div>\n\n\n<style id=\"wpforms-css-vars-30940-block-3d08bcbc-b338-493c-b17e-51e9daf3307b\">\n\t\t\t\t#wpforms-30940.wpforms-block-3d08bcbc-b338-493c-b17e-51e9daf3307b {\n\t\t\t\t--wpforms-field-border-radius: 20px;\n--wpforms-field-background-color: transparent;\n--wpforms-field-border-color: #1D1D1C;\n--wpforms-field-border-color-spare: #1D1D1C;\n--wpforms-field-text-color: #1D1D1C;\n--wpforms-label-color: #1D1D1C;\n--wpforms-label-sublabel-color: #1D1D1C;\n--wpforms-button-border-radius: 20px;\n--wpforms-button-background-color: #066aab;\n--wpforms-button-text-color: #1D1D1C;\n--wpforms-button-background-color-alt: transparent;\n\t\t\t}\n\t\t\t<\/style><div class=\"wpforms-container wpforms-container-full wpforms-block wpforms-block-3d08bcbc-b338-493c-b17e-51e9daf3307b wpforms-render-modern\" id=\"wpforms-30940\"><form id=\"wpforms-form-30940\" class=\"wpforms-validate wpforms-form wpforms-ajax-form\" data-formid=\"30940\" method=\"post\" enctype=\"multipart\/form-data\" action=\"\/en\/wp-json\/wp\/v2\/pages\/30496\" data-token=\"165b108f9e01b8562769cc061c25d391\" data-token-time=\"1776674342\"><noscript class=\"wpforms-error-noscript\">Please enable JavaScript in your browser to complete this form.<\/noscript><div id=\"wpforms-error-noscript\" style=\"display: none;\">Please enable JavaScript in your browser to complete this form.<\/div><div class=\"wpforms-field-container\"><div id=\"wpforms-30940-field_0-container\" class=\"wpforms-field wpforms-field-name\" data-field-id=\"0\"><fieldset><legend class=\"wpforms-field-label\">Name <span class=\"wpforms-required-label\" aria-hidden=\"true\">*<\/span><\/legend><div class=\"wpforms-field-row wpforms-field-medium\"><div class=\"wpforms-field-row-block wpforms-first wpforms-one-half\"><input type=\"text\" id=\"wpforms-30940-field_0\" class=\"wpforms-field-name-first wpforms-field-required\" name=\"wpforms[fields][0][first]\" placeholder=\"First name\" aria-errormessage=\"wpforms-30940-field_0-error\" required><label for=\"wpforms-30940-field_0\" class=\"wpforms-field-sublabel after wpforms-sublabel-hide\">First<\/label><\/div><div class=\"wpforms-field-row-block wpforms-one-half\"><input type=\"text\" id=\"wpforms-30940-field_0-last\" class=\"wpforms-field-name-last wpforms-field-required\" name=\"wpforms[fields][0][last]\" placeholder=\"Last name\" aria-errormessage=\"wpforms-30940-field_0-last-error\" required><label for=\"wpforms-30940-field_0-last\" class=\"wpforms-field-sublabel after wpforms-sublabel-hide\">Last<\/label><\/div><\/div><\/fieldset><\/div><div id=\"wpforms-30940-field_1-container\" class=\"wpforms-field wpforms-field-email\" data-field-id=\"1\"><label class=\"wpforms-field-label\" for=\"wpforms-30940-field_1\">E-mail <span class=\"wpforms-required-label\" aria-hidden=\"true\">*<\/span><\/label><input type=\"email\" id=\"wpforms-30940-field_1\" class=\"wpforms-field-medium wpforms-field-required\" name=\"wpforms[fields][1]\" spellcheck=\"false\" aria-errormessage=\"wpforms-30940-field_1-error\" required><\/div><div id=\"wpforms-30940-field_2-container\" class=\"wpforms-field wpforms-field-textarea\" data-field-id=\"2\"><label class=\"wpforms-field-label\" for=\"wpforms-30940-field_2\">Your message <span class=\"wpforms-required-label\" aria-hidden=\"true\">*<\/span><\/label><textarea id=\"wpforms-30940-field_2\" class=\"wpforms-field-medium wpforms-field-required\" name=\"wpforms[fields][2]\" aria-errormessage=\"wpforms-30940-field_2-error\" required><\/textarea><\/div><\/div><!-- .wpforms-field-container --><div class=\"wpforms-recaptcha-container wpforms-is-recaptcha wpforms-is-recaptcha-type-invisible\" ><div class=\"g-recaptcha\" data-sitekey=\"6LffCaUpAAAAAGYCZuLffB3tPmr_kjfh6p6cAXzg\" data-size=\"invisible\"><\/div><\/div><div class=\"wpforms-submit-container\" ><input type=\"hidden\" name=\"wpforms[id]\" value=\"30940\"><input type=\"hidden\" name=\"page_title\" value=\"\"><input type=\"hidden\" name=\"page_url\" value=\"https:\/\/chroniques.org\/en\/wp-json\/wp\/v2\/pages\/30496\"><input type=\"hidden\" name=\"url_referer\" value=\"\"><button type=\"submit\" name=\"wpforms[submit]\" id=\"wpforms-submit-30940\" class=\"wpforms-submit\" data-alt-text=\"Sending...\" data-submit-text=\"Send\" aria-live=\"assertive\" value=\"wpforms-submit\">Send<\/button><img loading=\"lazy\" decoding=\"async\" src=\"https:\/\/chroniques.org\/wp-content\/plugins\/wpforms-lite\/assets\/images\/submit-spin.svg\" class=\"wpforms-submit-spinner\" style=\"display: none;\" width=\"26\" height=\"26\" alt=\"Loading\"><\/div><\/form><\/div>  <!-- .wpforms-container -->","protected":false},"excerpt":{"rendered":"<p>As a cultural operator operating locally, nationally and internationally, CHRONIQUES is involved in numerous professional networks. This involvement and our [&hellip;]<\/p>\n","protected":false},"author":1,"featured_media":0,"parent":30494,"menu_order":1,"comment_status":"closed","ping_status":"closed","template":"","meta":{"footnotes":""},"class_list":["post-30496","page","type-page","status-publish","hentry","entry"],"_links":{"self":[{"href":"https:\/\/chroniques.org\/en\/wp-json\/wp\/v2\/pages\/30496","targetHints":{"allow":["GET"]}}],"collection":[{"href":"https:\/\/chroniques.org\/en\/wp-json\/wp\/v2\/pages"}],"about":[{"href":"https:\/\/chroniques.org\/en\/wp-json\/wp\/v2\/types\/page"}],"author":[{"embeddable":true,"href":"https:\/\/chroniques.org\/en\/wp-json\/wp\/v2\/users\/1"}],"replies":[{"embeddable":true,"href":"https:\/\/chroniques.org\/en\/wp-json\/wp\/v2\/comments?post=30496"}],"version-history":[{"count":3,"href":"https:\/\/chroniques.org\/en\/wp-json\/wp\/v2\/pages\/30496\/revisions"}],"predecessor-version":[{"id":30945,"href":"https:\/\/chroniques.org\/en\/wp-json\/wp\/v2\/pages\/30496\/revisions\/30945"}],"up":[{"embeddable":true,"href":"https:\/\/chroniques.org\/en\/wp-json\/wp\/v2\/pages\/30494"}],"wp:attachment":[{"href":"https:\/\/chroniques.org\/en\/wp-json\/wp\/v2\/media?parent=30496"}],"curies":[{"name":"wp","href":"https:\/\/api.w.org\/{rel}","templated":true}]}}