{"id":30477,"date":"2023-11-28T18:11:02","date_gmt":"2023-11-28T17:11:02","guid":{"rendered":"https:\/\/chroniques.org\/visits-workshops\/coming-as-a-group\/"},"modified":"2026-04-10T14:58:03","modified_gmt":"2026-04-10T12:58:03","slug":"coming-as-a-group","status":"publish","type":"page","link":"https:\/\/chroniques.org\/en\/activities-visits\/coming-as-a-group\/","title":{"rendered":"Cultural action"},"content":{"rendered":"\n<p>Vous \u00eates enseignant\u00b7es, accompagnateur\u00b7rices du champ social ou m\u00e9dico-social ou encore une structure culturelle, nous vous accompagnons tout au long de l\u2019ann\u00e9e pour d\u00e9couvrir et exp\u00e9rimenter les arts num\u00e9riques.<\/p>\n\n<p><em>D\u00e9couvrez nos offres d\u00e9di\u00e9es<\/em><\/p>\n<div class=\"listOfPages alignwide\"><div class=\"pageInList \">\n\n    \n\n\t<a class=\"pageThumbnailLink\" href=\"https:\/\/chroniques.org\/en\/activities-visits\/coming-as-a-group\/school-higher-education\/\">\n\n            <div class=\"pageInListHeader\">\n                <h4 class=\"pageInListTitle\">Schoolchildren<\/h4>\n                <div class=\"postExcerpt\"><p>You are a Cycle 2 teacher at a high school<\/p>\n<\/div>\n                \n            <\/div>\n            \n            \n           \n            \n             \n            <div class=\"pageThumbnailWrapper\">\n                                                <img loading=\"lazy\" decoding=\"async\" src=\"https:\/\/chroniques.org\/wp-content\/uploads\/2024\/01\/Familytech_Automne2022_\u00a9PierreGondard-2200x1333.jpg\" width=\"2200\" height=\"1333\" alt=\"\" class=\"lazyload\" \/>\n                            <\/div>\n            \n            \n        <\/a>\n\n<\/div><!-- pageInList -->\n<div class=\"pageInList \">\n\n    \n\n\t<a class=\"pageThumbnailLink\" href=\"https:\/\/chroniques.org\/en\/activities-visits\/coming-as-a-group\/social-medico-social-field\/\">\n\n            <div class=\"pageInListHeader\">\n                <h4 class=\"pageInListTitle\">Social field<\/h4>\n                <div class=\"postExcerpt\"><p>You are a guide or volunteer<\/p>\n<\/div>\n                \n            <\/div>\n            \n            \n           \n            \n             \n            <div class=\"pageThumbnailWrapper\">\n                                                <img loading=\"lazy\" decoding=\"async\" src=\"https:\/\/chroniques.org\/wp-content\/uploads\/2023\/12\/SOCIAL_WiFilles_credit_Ambre-Peticolas-2200x1333.jpg\" width=\"2200\" height=\"1333\" alt=\"\" class=\"lazyload\" \/>\n                            <\/div>\n            \n            \n        <\/a>\n\n<\/div><!-- pageInList -->\n<div class=\"pageInList \">\n\n    \n\n\t<a class=\"pageThumbnailLink\" href=\"https:\/\/chroniques.org\/en\/activities-visits\/coming-as-a-group\/cultural-structure\/\">\n\n            <div class=\"pageInListHeader\">\n                <h4 class=\"pageInListTitle\">Cultural structures<\/h4>\n                <div class=\"postExcerpt\"><p>You work for a third-location center, a media library, a cultural center or a museum.<\/p>\n<\/div>\n                \n            <\/div>\n            \n            \n           \n            \n             \n            <div class=\"pageThumbnailWrapper\">\n                                                <img loading=\"lazy\" decoding=\"async\" src=\"https:\/\/chroniques.org\/wp-content\/uploads\/2023\/12\/11.10.23_Chroniques_Derniere-Minute_Adrien-M_Claire-B_Theatre-de-lArcheveche_\u00a9Pierre-Gondard-1.jpg\" width=\"1800\" height=\"1197\" alt=\"\" class=\"lazyload\" \/>\n                            <\/div>\n            \n            \n        <\/a>\n\n<\/div><!-- pageInList -->\n<\/div>\n\n<div style=\"height:100px\" aria-hidden=\"true\" class=\"wp-block-spacer\"><\/div>\n","protected":false},"excerpt":{"rendered":"<p>Vous \u00eates enseignant\u00b7es, accompagnateur\u00b7rices du champ social ou m\u00e9dico-social ou encore une structure culturelle, nous vous accompagnons tout au long [&hellip;]<\/p>\n","protected":false},"author":1,"featured_media":0,"parent":30414,"menu_order":3,"comment_status":"closed","ping_status":"closed","template":"","meta":{"footnotes":""},"class_list":["post-30477","page","type-page","status-publish","hentry","entry"],"_links":{"self":[{"href":"https:\/\/chroniques.org\/en\/wp-json\/wp\/v2\/pages\/30477","targetHints":{"allow":["GET"]}}],"collection":[{"href":"https:\/\/chroniques.org\/en\/wp-json\/wp\/v2\/pages"}],"about":[{"href":"https:\/\/chroniques.org\/en\/wp-json\/wp\/v2\/types\/page"}],"author":[{"embeddable":true,"href":"https:\/\/chroniques.org\/en\/wp-json\/wp\/v2\/users\/1"}],"replies":[{"embeddable":true,"href":"https:\/\/chroniques.org\/en\/wp-json\/wp\/v2\/comments?post=30477"}],"version-history":[{"count":5,"href":"https:\/\/chroniques.org\/en\/wp-json\/wp\/v2\/pages\/30477\/revisions"}],"predecessor-version":[{"id":35483,"href":"https:\/\/chroniques.org\/en\/wp-json\/wp\/v2\/pages\/30477\/revisions\/35483"}],"up":[{"embeddable":true,"href":"https:\/\/chroniques.org\/en\/wp-json\/wp\/v2\/pages\/30414"}],"wp:attachment":[{"href":"https:\/\/chroniques.org\/en\/wp-json\/wp\/v2\/media?parent=30477"}],"curies":[{"name":"wp","href":"https:\/\/api.w.org\/{rel}","templated":true}]}}