{"id":30412,"date":"2023-11-28T18:20:59","date_gmt":"2023-11-28T17:20:59","guid":{"rendered":"https:\/\/chroniques.org\/creations\/platform-members\/"},"modified":"2024-01-30T13:34:32","modified_gmt":"2024-01-30T12:34:32","slug":"platform-members","status":"publish","type":"page","link":"https:\/\/chroniques.org\/en\/creations\/platform-members\/","title":{"rendered":"Platform members"},"content":{"rendered":"\n<p>The CHRONIQUES CREATIONS platform brings together operators in various fields of culture (visual arts, live performance, music, audiovisual, virtual reality, etc.) who are committed to supporting artists who exploit and question new digital technologies.<\/p>\n\n<p>This commitment and collective work allows us to be agile in our support of works for which we think about the ecosystem of projects with a distribution plan that can be sustained by partner venues.<\/p>\n\n<div class=\"wp-block-group alignwide has-always-darker-color has-random-accent-background-color has-text-color has-background has-link-color wp-elements-0cfcc4bd7b6f6648e593e731bf4dde3c is-layout-flow wp-block-group-is-layout-flow\">\n<div class=\"wp-block-columns alignwide is-layout-flex wp-container-core-columns-is-layout-28f84493 wp-block-columns-is-layout-flex\">\n<div class=\"wp-block-column is-layout-flow wp-block-column-is-layout-flow\">\n<h3 class=\"wp-block-heading\"><strong>The platform&#8217;s co-producers : <\/strong><\/h3>\n\n\n\n<ul class=\"wp-block-list\">\n<li><a href=\"http:\/\/www.3bisf.com\/\">3 bis f &#8211; Centre d&#8217;arts contemporains d\u2019int\u00e9r\u00eat national<\/a>,<\/li>\n\n\n\n<li><a href=\"https:\/\/www.6mic-aix.fr\/\">6MIC<\/a>,<\/li>\n\n\n\n<li><a href=\"https:\/\/www.chateauvallon-liberte.fr\/\">Ch\u00e2teauvallon-Libert\u00e9 &#8211; Sc\u00e8ne nationale<\/a>,<\/li>\n\n\n\n<li><a href=\"https:\/\/www.edis-fondsdedotation.fr\/\">EDIS &#8211; Fonds de dotation<\/a><a href=\"https:\/\/legrenierasel-avignon.fr\/\" target=\"_blank\" rel=\"noreferrer noopener\"> \/ Le Grenier \u00e0 Sel<\/a>,<\/li>\n\n\n\n<li><a href=\"https:\/\/fabbula.com\/\">Fabbula<\/a>,<\/li>\n\n\n\n<li><a href=\"https:\/\/gmem.org\/\">GMEM Centre national de cr\u00e9ation musicale<\/a>,<\/li>\n\n\n\n<li><a href=\"https:\/\/lafruitierenumerique.fr\/\">La Fruiti\u00e8re Num\u00e9rique<\/a>,<\/li>\n\n\n\n<li><a href=\"https:\/\/www.lieuxpublics.com\/\">Lieux Publics &#8211; Centre national et p\u00f4le europ\u00e9en de cr\u00e9ation pour l\u2019espace public<\/a>,<\/li>\n\n\n\n<li><a href=\"https:\/\/www.dark-euphoria.com\/\" target=\"_blank\" rel=\"noreferrer noopener\">Dark Euphoria<\/a>,<\/li>\n\n\n\n<li><a href=\"https:\/\/festival11.plateformeparallele.com\/festival-parallele-11\" target=\"_blank\" rel=\"noreferrer noopener\">Parall\u00e8le &#8211; Festival international des pratiques \u00e9mergentes<\/a><\/li>\n\n\n\n<li><a href=\"https:\/\/www.biennale-cirque.com\/fr\/\" target=\"_blank\" rel=\"noreferrer noopener\">BIAC (Biennale des arts du Cirque) \/ Archaos<\/a><\/li>\n\n\n\n<li><a href=\"https:\/\/multiplica.lu\/\" target=\"_blank\" rel=\"noreferrer noopener\">Multiplica<\/a><\/li>\n\n\n\n<li><a href=\"https:\/\/www.biennalenemo.fr\/\" target=\"_blank\" rel=\"noreferrer noopener\">N\u00e9mo &#8211; Biennale internationale des arts num\u00e9riques de la r\u00e9gion \u00cele-de-France<\/a>,<\/li>\n\n\n\n<li><a href=\"https:\/\/festival-interstice.net\/\" target=\"_blank\" rel=\"noreferrer noopener\">]Interstice[<\/a>,<\/li>\n\n\n\n<li><a href=\"http:\/\/oblique-s.org\/\" target=\"_blank\" rel=\"noreferrer noopener\">Oblique\/s &#8211; Arts &amp; Cultures Num\u00e9riques Normandie<\/a>,<\/li>\n\n\n\n<li><a href=\"https:\/\/www.stereolux.org\/\">Stereolux<\/a>,<\/li>\n\n\n\n<li><a href=\"https:\/\/cesare-cncm.com\/\" target=\"_blank\" rel=\"noreferrer noopener\">C\u00e9sar\u00e9 &#8211; Centre national de cr\u00e9ation musicale<\/a>,<\/li>\n\n\n\n<li><a href=\"https:\/\/www.theatre-hexagone.eu\/\" target=\"_blank\" rel=\"noreferrer noopener\">Hexagone<\/a>, Sc\u00e8ne Nationale Arts Sciences de Meylan<br\/><br\/><a href=\"https:\/\/www.pxn.fr\/\"><\/a><\/li>\n<\/ul>\n<\/div>\n\n\n\n<div class=\"wp-block-column is-layout-flow wp-block-column-is-layout-flow\">\n<h3 class=\"wp-block-heading\"><strong>Partners associated with the platform : <\/strong><\/h3>\n\n\n\n<ul class=\"wp-block-list\">\n<li><a href=\"https:\/\/neuro-marseille.org\/\" target=\"_blank\" rel=\"noreferrer noopener\">Aix-Marseille Universit\u00e9 \/ Institut NeuroMarseille<\/a>,<\/li>\n\n\n\n<li><a href=\"https:\/\/www.artsvivantsaix.com\/\" target=\"_blank\" rel=\"noreferrer noopener\">Arts Vivants Aix<\/a>,<a href=\"http:\/\/www.saintex-reims.com\/\"> <\/a><\/li>\n\n\n\n<li><a href=\"http:\/\/www.saintex-reims.com\/\" target=\"_blank\" rel=\"noreferrer noopener\">Saint-Ex<\/a> <a href=\"http:\/\/www.saintex-reims.com\/\" target=\"_blank\" rel=\"noreferrer noopener\">&#8211; Culture Num\u00e9rique &#8211; Reims<\/a>,<\/li>\n\n\n\n<li><a href=\"https:\/\/fr.diversioncinema.com\/\" target=\"_blank\" rel=\"noreferrer noopener\">Diversion Cinema<\/a>, <\/li>\n\n\n\n<li><a href=\"https:\/\/www.fetedeslumieres.lyon.fr\/fr\" target=\"_blank\" rel=\"noreferrer noopener\">F\u00eate des Lumi\u00e8res de Lyon<\/a>,<\/li>\n\n\n\n<li><a href=\"https:\/\/hacnum.org\/\" target=\"_blank\" rel=\"noreferrer noopener\">R\u00e9seau HACNUM<\/a>, <\/li>\n\n\n\n<li><a href=\"https:\/\/www.electroni-k.org\/\" target=\"_blank\" rel=\"noreferrer noopener\">Association Electroni[k]<\/a> &#8211; <a href=\"https:\/\/www.maintenant-festival.fr\/\" target=\"_blank\" rel=\"noreferrer noopener\">Festival Maintenant<\/a><\/li>\n\n\n\n<li><a href=\"https:\/\/cwb.fr\/\" target=\"_blank\" rel=\"noreferrer noopener\">Centre Wallonie Bruxelles, <\/a><\/li>\n\n\n\n<li><a href=\"https:\/\/clab.org.tw\/en\/\" target=\"_blank\" rel=\"noreferrer noopener\">C-LAB<\/a>,<\/li>\n\n\n\n<li><a href=\"https:\/\/www.pxn.fr\/\" target=\"_blank\" rel=\"noreferrer noopener\">PXN<\/a>,<\/li>\n\n\n\n<li><a href=\"https:\/\/www.elektramontreal.ca\/?lang=fr\" target=\"_blank\" rel=\"noreferrer noopener\">Elektra<\/a>,<\/li>\n\n\n\n<li><a href=\"https:\/\/sonic-a.co.uk\/\" target=\"_blank\" rel=\"noreferrer noopener\">Festival Sonica<\/a>,<\/li>\n\n\n\n<li><a href=\"https:\/\/levfestival.com\/20\/\" target=\"_blank\" rel=\"noreferrer noopener\">LEV Festival<\/a>, <\/li>\n\n\n\n<li><a href=\"https:\/\/www.imal.org\/fr\">iMAL<\/a>,<\/li>\n\n\n\n<li><a href=\"https:\/\/www.amicentre.biz\/\">A.<\/a><a href=\"https:\/\/www.amicentre.biz\/\" target=\"_blank\" rel=\"noreferrer noopener\">M.I Aide aux Musiques Innovatrices<\/a>,<\/li>\n\n\n\n<li><a href=\"https:\/\/www.cfaprovence.com\/fr\/page-daccueil\/\">Centre Franco-Allemand de Provence<\/a>,<\/li>\n\n\n\n<li><a href=\"http:\/\/www.lehublot.net\/\">Le Hublot<\/a>,<\/li>\n\n\n\n<li><a href=\"https:\/\/www.nncorsino.com\/fr\/\">Sc\u00e8ne 44 . n + n corsino<\/a>,<\/li>\n\n\n\n<li><a href=\"http:\/\/voyonsvoir.art\/\" target=\"_blank\" rel=\"noreferrer noopener\">Voyons voir<\/a>,<\/li>\n\n\n\n<li>Centre d\u2019art de Chateauvert,<\/li>\n\n\n\n<li><a href=\"https:\/\/www.theatremassalia.com\/\" target=\"_blank\" rel=\"noreferrer noopener\">Th\u00e9\u00e2tre Massalia &#8211; Sc\u00e8ne conventionn\u00e9e d&#8217;int\u00e9r\u00eat national Art Enfance Jeunesse<\/a>,<\/li>\n\n\n\n<li><a href=\"http:\/\/www.bi-pole.org\/\" target=\"_blank\" rel=\"noreferrer noopener\">Bi:POLE<\/a>,<\/li>\n\n\n\n<li><a href=\"https:\/\/theatredeliege.be\/\" target=\"_blank\" rel=\"noreferrer noopener\">Th\u00e9\u00e2tre de Li\u00e8ge<\/a>,<\/li>\n\n\n\n<li>Pl\u00e9iades &#8211; Festival des arts num\u00e9rique de Saint-Etienne,<\/li>\n\n\n\n<li>Sc\u00e8ne de recherche ENS-PARIS-SACLAY<\/li>\n\n\n\n<li><a href=\"https:\/\/www.lecubegarges.fr\/?gclid=CjwKCAiApuCrBhAuEiwA8VJ6JoyVwHJ3Wvc_IRyhy4sahrYDi3ndKtD9ut-Rxw9d0jJa0RiYtIk3lxoCekoQAvD_BwE\" target=\"_blank\" rel=\"noreferrer noopener\">Le Cube Garges<\/a>,<\/li>\n\n\n\n<li><a href=\"http:\/\/www.kelemenis.fr\/fr\/\">KLAP Maison pour la danse<\/a>,<\/li>\n<\/ul>\n<\/div>\n<\/div>\n<\/div>\n\n<div class=\"wp-block-columns is-layout-flex wp-container-core-columns-is-layout-28f84493 wp-block-columns-is-layout-flex\">\n<div class=\"wp-block-column is-layout-flow wp-block-column-is-layout-flow\">\n<p><br\/><a href=\"https:\/\/www.chateauvallon-liberte.fr\/\"><\/a><\/p>\n<\/div>\n<\/div>\n\n<p><strong>In 2024, CHRONIQUES creations is :<\/strong><\/p>\n\n<div class=\"wp-block-columns alignwide is-layout-flex wp-container-core-columns-is-layout-28f84493 wp-block-columns-is-layout-flex\">\n<div class=\"wp-block-column is-layout-flow wp-block-column-is-layout-flow\">\n<p class=\"noMarginBottom has-x-large-font-size\"> <strong>14<\/strong><\/p>\n\n\n\n<p class=\"noMarginTop\">supported creations<\/p>\n\n\n\n<hr class=\"wp-block-separator has-alpha-channel-opacity is-style-wide\"\/>\n<\/div>\n\n\n\n<div class=\"wp-block-column is-layout-flow wp-block-column-is-layout-flow\">\n<p class=\"noMarginBottom has-x-large-font-size\"> <strong>44<\/strong><\/p>\n\n\n\n<p class=\"noMarginTop\">parteners<\/p>\n\n\n\n<hr class=\"wp-block-separator has-alpha-channel-opacity is-style-wide\"\/>\n<\/div>\n<\/div>\n\n<div style=\"height:91px\" aria-hidden=\"true\" class=\"wp-block-spacer\"><\/div>\n\n<div class=\"wp-block-group alignwide has-white-background-color has-background is-layout-constrained wp-container-core-group-is-layout-19e250f3 wp-block-group-is-layout-constrained\">\n<figure class=\"wp-block-gallery alignwide has-nested-images columns-5 logosGallery wp-block-gallery-1 is-layout-flex wp-block-gallery-is-layout-flex\">\n<figure class=\"wp-block-image size-large\"><img loading=\"lazy\" decoding=\"async\" width=\"405\" height=\"165\" data-id=\"29591\" src=\"https:\/\/chroniques.org\/wp-content\/uploads\/2023\/12\/3bisF_RVB.png\" alt=\"\" class=\"wp-image-29591\"\/><\/figure>\n\n\n\n<figure class=\"wp-block-image size-large\"><img loading=\"lazy\" decoding=\"async\" width=\"1500\" height=\"1500\" data-id=\"30181\" src=\"https:\/\/chroniques.org\/wp-content\/uploads\/2024\/01\/6MIC-logo-noirtransparent-2-1500x1500.png\" alt=\"\" class=\"wp-image-30181\" srcset=\"https:\/\/chroniques.org\/wp-content\/uploads\/2024\/01\/6MIC-logo-noirtransparent-2-1500x1500.png 1500w, https:\/\/chroniques.org\/wp-content\/uploads\/2024\/01\/6MIC-logo-noirtransparent-2-1000x1000.png 1000w, https:\/\/chroniques.org\/wp-content\/uploads\/2024\/01\/6MIC-logo-noirtransparent-2-600x600.png 600w, https:\/\/chroniques.org\/wp-content\/uploads\/2024\/01\/6MIC-logo-noirtransparent-2-768x768.png 768w, https:\/\/chroniques.org\/wp-content\/uploads\/2024\/01\/6MIC-logo-noirtransparent-2-1536x1536.png 1536w, https:\/\/chroniques.org\/wp-content\/uploads\/2024\/01\/6MIC-logo-noirtransparent-2.png 2000w\" sizes=\"auto, (max-width: 1500px) 100vw, 1500px\" \/><\/figure>\n\n\n\n<figure class=\"wp-block-image size-large\"><img loading=\"lazy\" decoding=\"async\" width=\"400\" height=\"125\" data-id=\"30183\" src=\"https:\/\/chroniques.org\/wp-content\/uploads\/2024\/01\/edis-logo.png\" alt=\"\" class=\"wp-image-30183\"\/><\/figure>\n\n\n\n<figure class=\"wp-block-image size-large\"><img loading=\"lazy\" decoding=\"async\" width=\"1500\" height=\"896\" data-id=\"30518\" src=\"https:\/\/chroniques.org\/wp-content\/uploads\/2024\/01\/oblique-1500x896.png\" alt=\"\" class=\"wp-image-30518\" srcset=\"https:\/\/chroniques.org\/wp-content\/uploads\/2024\/01\/oblique-1500x896.png 1500w, https:\/\/chroniques.org\/wp-content\/uploads\/2024\/01\/oblique-1000x598.png 1000w, https:\/\/chroniques.org\/wp-content\/uploads\/2024\/01\/oblique-768x459.png 768w, https:\/\/chroniques.org\/wp-content\/uploads\/2024\/01\/oblique.png 1526w\" sizes=\"auto, (max-width: 1500px) 100vw, 1500px\" \/><\/figure>\n\n\n\n<figure class=\"wp-block-image size-large\"><img loading=\"lazy\" decoding=\"async\" width=\"1280\" height=\"720\" data-id=\"30520\" src=\"https:\/\/chroniques.org\/wp-content\/uploads\/2024\/01\/STEREOLUX_noir.png\" alt=\"\" class=\"wp-image-30520\" srcset=\"https:\/\/chroniques.org\/wp-content\/uploads\/2024\/01\/STEREOLUX_noir.png 1280w, https:\/\/chroniques.org\/wp-content\/uploads\/2024\/01\/STEREOLUX_noir-1000x563.png 1000w, https:\/\/chroniques.org\/wp-content\/uploads\/2024\/01\/STEREOLUX_noir-768x432.png 768w\" sizes=\"auto, (max-width: 1280px) 100vw, 1280px\" \/><\/figure>\n\n\n\n<figure class=\"wp-block-image size-large\"><img loading=\"lazy\" decoding=\"async\" width=\"85\" height=\"133\" data-id=\"30185\" src=\"https:\/\/chroniques.org\/wp-content\/uploads\/2024\/01\/chateauvallon-liberte.png\" alt=\"\" class=\"wp-image-30185\"\/><\/figure>\n\n\n\n<figure class=\"wp-block-image size-large\"><img loading=\"lazy\" decoding=\"async\" width=\"582\" height=\"438\" data-id=\"30524\" src=\"https:\/\/chroniques.org\/wp-content\/uploads\/2024\/01\/Calque-1.png\" alt=\"\" class=\"wp-image-30524\"\/><\/figure>\n\n\n\n<figure class=\"wp-block-image size-large\"><img loading=\"lazy\" decoding=\"async\" width=\"1500\" height=\"428\" data-id=\"30516\" src=\"https:\/\/chroniques.org\/wp-content\/uploads\/2024\/01\/interstice-1536x438-1-1500x428.png\" alt=\"\" class=\"wp-image-30516\" srcset=\"https:\/\/chroniques.org\/wp-content\/uploads\/2024\/01\/interstice-1536x438-1-1500x428.png 1500w, https:\/\/chroniques.org\/wp-content\/uploads\/2024\/01\/interstice-1536x438-1-1000x285.png 1000w, https:\/\/chroniques.org\/wp-content\/uploads\/2024\/01\/interstice-1536x438-1-768x219.png 768w, https:\/\/chroniques.org\/wp-content\/uploads\/2024\/01\/interstice-1536x438-1.png 1536w\" sizes=\"auto, (max-width: 1500px) 100vw, 1500px\" \/><\/figure>\n\n\n\n<figure class=\"wp-block-image size-large\"><img loading=\"lazy\" decoding=\"async\" width=\"800\" height=\"153\" data-id=\"30187\" src=\"https:\/\/chroniques.org\/wp-content\/uploads\/2024\/01\/GRENIER_A_SEL_NB-1.png\" alt=\"\" class=\"wp-image-30187\" srcset=\"https:\/\/chroniques.org\/wp-content\/uploads\/2024\/01\/GRENIER_A_SEL_NB-1.png 800w, https:\/\/chroniques.org\/wp-content\/uploads\/2024\/01\/GRENIER_A_SEL_NB-1-768x147.png 768w\" sizes=\"auto, (max-width: 800px) 100vw, 800px\" \/><\/figure>\n\n\n\n<figure class=\"wp-block-image size-large\"><img loading=\"lazy\" decoding=\"async\" width=\"1500\" height=\"241\" data-id=\"30522\" src=\"https:\/\/chroniques.org\/wp-content\/uploads\/2024\/01\/Multiplica_Black-1500x241.png\" alt=\"\" class=\"wp-image-30522\" srcset=\"https:\/\/chroniques.org\/wp-content\/uploads\/2024\/01\/Multiplica_Black-1500x241.png 1500w, https:\/\/chroniques.org\/wp-content\/uploads\/2024\/01\/Multiplica_Black-1000x161.png 1000w, https:\/\/chroniques.org\/wp-content\/uploads\/2024\/01\/Multiplica_Black-768x123.png 768w, https:\/\/chroniques.org\/wp-content\/uploads\/2024\/01\/Multiplica_Black-1536x247.png 1536w, https:\/\/chroniques.org\/wp-content\/uploads\/2024\/01\/Multiplica_Black-2048x329.png 2048w\" sizes=\"auto, (max-width: 1500px) 100vw, 1500px\" \/><\/figure>\n\n\n\n<figure class=\"wp-block-image size-large\"><img loading=\"lazy\" decoding=\"async\" width=\"1500\" height=\"396\" data-id=\"30189\" src=\"https:\/\/chroniques.org\/wp-content\/uploads\/2024\/01\/FABBULA-1-1500x396.png\" alt=\"\" class=\"wp-image-30189\" srcset=\"https:\/\/chroniques.org\/wp-content\/uploads\/2024\/01\/FABBULA-1-1500x396.png 1500w, https:\/\/chroniques.org\/wp-content\/uploads\/2024\/01\/FABBULA-1-1000x264.png 1000w, https:\/\/chroniques.org\/wp-content\/uploads\/2024\/01\/FABBULA-1-768x203.png 768w, https:\/\/chroniques.org\/wp-content\/uploads\/2024\/01\/FABBULA-1-1536x406.png 1536w, https:\/\/chroniques.org\/wp-content\/uploads\/2024\/01\/FABBULA-1-2048x541.png 2048w\" sizes=\"auto, (max-width: 1500px) 100vw, 1500px\" \/><\/figure>\n\n\n\n<figure class=\"wp-block-image size-large\"><img loading=\"lazy\" decoding=\"async\" width=\"431\" height=\"207\" data-id=\"30191\" src=\"https:\/\/chroniques.org\/wp-content\/uploads\/2024\/01\/GMEM_Logo_Avec_Baseline_Noir_RVB_500x288-3.png\" alt=\"\" class=\"wp-image-30191\"\/><\/figure>\n\n\n\n<figure class=\"wp-block-image size-large\"><img loading=\"lazy\" decoding=\"async\" width=\"1202\" height=\"732\" data-id=\"30206\" src=\"https:\/\/chroniques.org\/wp-content\/uploads\/2024\/01\/LIEUXPUB.png\" alt=\"\" class=\"wp-image-30206\" srcset=\"https:\/\/chroniques.org\/wp-content\/uploads\/2024\/01\/LIEUXPUB.png 1202w, https:\/\/chroniques.org\/wp-content\/uploads\/2024\/01\/LIEUXPUB-1000x609.png 1000w, https:\/\/chroniques.org\/wp-content\/uploads\/2024\/01\/LIEUXPUB-768x468.png 768w\" sizes=\"auto, (max-width: 1202px) 100vw, 1202px\" \/><\/figure>\n\n\n\n<figure class=\"wp-block-image size-large\"><img loading=\"lazy\" decoding=\"async\" width=\"917\" height=\"489\" data-id=\"30208\" src=\"https:\/\/chroniques.org\/wp-content\/uploads\/2024\/01\/FRUITIERE_NUMERIQUE_NOIR.png\" alt=\"\" class=\"wp-image-30208\" srcset=\"https:\/\/chroniques.org\/wp-content\/uploads\/2024\/01\/FRUITIERE_NUMERIQUE_NOIR.png 917w, https:\/\/chroniques.org\/wp-content\/uploads\/2024\/01\/FRUITIERE_NUMERIQUE_NOIR-768x410.png 768w\" sizes=\"auto, (max-width: 917px) 100vw, 917px\" \/><\/figure>\n\n\n\n<figure class=\"wp-block-image size-large\"><img loading=\"lazy\" decoding=\"async\" width=\"474\" height=\"473\" data-id=\"29690\" src=\"https:\/\/chroniques.org\/wp-content\/uploads\/2023\/12\/VOYONS-VOIR-NOIR-1.png\" alt=\"\" class=\"wp-image-29690\"\/><\/figure>\n\n\n\n<figure class=\"wp-block-image size-large\"><img loading=\"lazy\" decoding=\"async\" width=\"395\" height=\"83\" data-id=\"30513\" src=\"https:\/\/chroniques.org\/wp-content\/uploads\/2024\/01\/Fichier-1-1.png\" alt=\"\" class=\"wp-image-30513\"\/><\/figure>\n\n\n\n<figure class=\"wp-block-image size-large\"><img loading=\"lazy\" decoding=\"async\" width=\"85\" height=\"133\" data-id=\"29693\" src=\"https:\/\/chroniques.org\/wp-content\/uploads\/2023\/12\/chateauvert.png\" alt=\"\" class=\"wp-image-29693\"\/><\/figure>\n\n\n\n<figure class=\"wp-block-image size-large\"><img loading=\"lazy\" decoding=\"async\" width=\"307\" height=\"133\" data-id=\"30211\" src=\"https:\/\/chroniques.org\/wp-content\/uploads\/2024\/01\/MASSALIAAA-1.png\" alt=\"\" class=\"wp-image-30211\"\/><\/figure>\n\n\n\n<figure class=\"wp-block-image size-large\"><img loading=\"lazy\" decoding=\"async\" width=\"1500\" height=\"292\" data-id=\"30215\" src=\"https:\/\/chroniques.org\/wp-content\/uploads\/2024\/01\/BIPOLE-NOIR-1-1-1500x292.png\" alt=\"\" class=\"wp-image-30215\" srcset=\"https:\/\/chroniques.org\/wp-content\/uploads\/2024\/01\/BIPOLE-NOIR-1-1-1500x292.png 1500w, https:\/\/chroniques.org\/wp-content\/uploads\/2024\/01\/BIPOLE-NOIR-1-1-1000x195.png 1000w, https:\/\/chroniques.org\/wp-content\/uploads\/2024\/01\/BIPOLE-NOIR-1-1-768x149.png 768w, https:\/\/chroniques.org\/wp-content\/uploads\/2024\/01\/BIPOLE-NOIR-1-1-1536x299.png 1536w, https:\/\/chroniques.org\/wp-content\/uploads\/2024\/01\/BIPOLE-NOIR-1-1-2048x398.png 2048w\" sizes=\"auto, (max-width: 1500px) 100vw, 1500px\" \/><\/figure>\n\n\n\n<figure class=\"wp-block-image size-large\"><img loading=\"lazy\" decoding=\"async\" width=\"356\" height=\"339\" data-id=\"29686\" src=\"https:\/\/chroniques.org\/wp-content\/uploads\/2023\/12\/BLACK_EUPHORIA.png\" alt=\"\" class=\"wp-image-29686\"\/><\/figure>\n\n\n\n<figure class=\"wp-block-image size-large\"><img loading=\"lazy\" decoding=\"async\" width=\"1500\" height=\"1057\" data-id=\"29683\" src=\"https:\/\/chroniques.org\/wp-content\/uploads\/2023\/12\/logo-biennale-nemo-noir-1500x1057.png\" alt=\"\" class=\"wp-image-29683\" srcset=\"https:\/\/chroniques.org\/wp-content\/uploads\/2023\/12\/logo-biennale-nemo-noir-1500x1057.png 1500w, https:\/\/chroniques.org\/wp-content\/uploads\/2023\/12\/logo-biennale-nemo-noir-1000x705.png 1000w, https:\/\/chroniques.org\/wp-content\/uploads\/2023\/12\/logo-biennale-nemo-noir-768x541.png 768w, https:\/\/chroniques.org\/wp-content\/uploads\/2023\/12\/logo-biennale-nemo-noir-1536x1083.png 1536w, https:\/\/chroniques.org\/wp-content\/uploads\/2023\/12\/logo-biennale-nemo-noir-2048x1444.png 2048w\" sizes=\"auto, (max-width: 1500px) 100vw, 1500px\" \/><\/figure>\n\n\n\n<figure class=\"wp-block-image size-large\"><img loading=\"lazy\" decoding=\"async\" width=\"1181\" height=\"337\" data-id=\"30217\" src=\"https:\/\/chroniques.org\/wp-content\/uploads\/2024\/01\/BIAC_NOIR.png\" alt=\"\" class=\"wp-image-30217\" srcset=\"https:\/\/chroniques.org\/wp-content\/uploads\/2024\/01\/BIAC_NOIR.png 1181w, https:\/\/chroniques.org\/wp-content\/uploads\/2024\/01\/BIAC_NOIR-1000x285.png 1000w, https:\/\/chroniques.org\/wp-content\/uploads\/2024\/01\/BIAC_NOIR-768x219.png 768w\" sizes=\"auto, (max-width: 1181px) 100vw, 1181px\" \/><\/figure>\n\n\n\n<figure class=\"wp-block-image size-large\"><img loading=\"lazy\" decoding=\"async\" width=\"1024\" height=\"292\" data-id=\"30219\" src=\"https:\/\/chroniques.org\/wp-content\/uploads\/2024\/01\/LOGO_ARCHAOS_COMPLET_JAUNE-1024x292-1.png\" alt=\"\" class=\"wp-image-30219\" srcset=\"https:\/\/chroniques.org\/wp-content\/uploads\/2024\/01\/LOGO_ARCHAOS_COMPLET_JAUNE-1024x292-1.png 1024w, https:\/\/chroniques.org\/wp-content\/uploads\/2024\/01\/LOGO_ARCHAOS_COMPLET_JAUNE-1024x292-1-1000x285.png 1000w, https:\/\/chroniques.org\/wp-content\/uploads\/2024\/01\/LOGO_ARCHAOS_COMPLET_JAUNE-1024x292-1-768x219.png 768w\" sizes=\"auto, (max-width: 1024px) 100vw, 1024px\" \/><\/figure>\n<\/figure>\n<\/div>\n","protected":false},"excerpt":{"rendered":"<p>The CHRONIQUES CREATIONS platform brings together operators in various fields of culture (visual arts, live performance, music, audiovisual, virtual reality, [&hellip;]<\/p>\n","protected":false},"author":1,"featured_media":0,"parent":30405,"menu_order":5,"comment_status":"closed","ping_status":"closed","template":"","meta":{"footnotes":""},"class_list":["post-30412","page","type-page","status-publish","hentry","entry"],"_links":{"self":[{"href":"https:\/\/chroniques.org\/en\/wp-json\/wp\/v2\/pages\/30412","targetHints":{"allow":["GET"]}}],"collection":[{"href":"https:\/\/chroniques.org\/en\/wp-json\/wp\/v2\/pages"}],"about":[{"href":"https:\/\/chroniques.org\/en\/wp-json\/wp\/v2\/types\/page"}],"author":[{"embeddable":true,"href":"https:\/\/chroniques.org\/en\/wp-json\/wp\/v2\/users\/1"}],"replies":[{"embeddable":true,"href":"https:\/\/chroniques.org\/en\/wp-json\/wp\/v2\/comments?post=30412"}],"version-history":[{"count":3,"href":"https:\/\/chroniques.org\/en\/wp-json\/wp\/v2\/pages\/30412\/revisions"}],"predecessor-version":[{"id":30767,"href":"https:\/\/chroniques.org\/en\/wp-json\/wp\/v2\/pages\/30412\/revisions\/30767"}],"up":[{"embeddable":true,"href":"https:\/\/chroniques.org\/en\/wp-json\/wp\/v2\/pages\/30405"}],"wp:attachment":[{"href":"https:\/\/chroniques.org\/en\/wp-json\/wp\/v2\/media?parent=30412"}],"curies":[{"name":"wp","href":"https:\/\/api.w.org\/{rel}","templated":true}]}}