{"id":30410,"date":"2023-11-28T18:20:33","date_gmt":"2023-11-28T17:20:33","guid":{"rendered":"https:\/\/chroniques.org\/creations\/residences\/"},"modified":"2025-11-12T16:56:59","modified_gmt":"2025-11-12T15:56:59","slug":"residences","status":"publish","type":"page","link":"https:\/\/chroniques.org\/en\/creations\/residences\/","title":{"rendered":"Residency programs"},"content":{"rendered":"\n<p><\/p>\n\n<h1 class=\"wp-block-heading alignwide\">Residency programs<\/h1>\n\n<div style=\"height:69px\" aria-hidden=\"true\" class=\"wp-block-spacer\"><\/div>\n\n<div class=\"wp-block-columns alignwide is-layout-flex wp-container-core-columns-is-layout-28f84493 wp-block-columns-is-layout-flex\">\n<div class=\"wp-block-column is-layout-flow wp-block-column-is-layout-flow\">\n<figure class=\"wp-block-image alignright size-large has-custom-border\"><img loading=\"lazy\" decoding=\"async\" width=\"1500\" height=\"1000\" src=\"https:\/\/chroniques.org\/wp-content\/uploads\/2025\/10\/DSC00582-1-2-1500x1000.png\" alt=\"\" class=\"wp-image-34351\" style=\"border-radius:15px\" srcset=\"https:\/\/chroniques.org\/wp-content\/uploads\/2025\/10\/DSC00582-1-2-1500x1000.png 1500w, https:\/\/chroniques.org\/wp-content\/uploads\/2025\/10\/DSC00582-1-2-1000x667.png 1000w, https:\/\/chroniques.org\/wp-content\/uploads\/2025\/10\/DSC00582-1-2-768x512.png 768w\" sizes=\"auto, (max-width: 1500px) 100vw, 1500px\" \/><\/figure>\n<\/div>\n\n\n\n<div class=\"wp-block-column is-layout-flow wp-block-column-is-layout-flow\">\n<p class=\"has-large-font-size\">Research-creation residencies<\/p>\n\n\n\n<p class=\"has-medium-font-size\">Cross-residencies France\/Quebec<\/p>\n\n\n\n<p>Fields: Digital arts and hybrids: exhibition curating, visual or media arts, multidisciplinary, electronic, and digital arts.<br\/><strong>Target audience:<\/strong><br\/>Curators and\/or artists working in digital arts.<\/p>\n\n\n\n<details class=\"wp-block-details has-darker-color has-text-color has-link-color wp-elements-4effb323587ab993ad60863b8418f3cb is-layout-flow wp-block-details-is-layout-flow\"><summary>Pr\u00e9sentation &amp; modalit\u00e9s<\/summary>\n<p>In order to enable the exchange of different artistic perspectives, foster lasting ties between Quebec artists and writers and their French counterparts, and thereby contribute to the development of these creators&#8217; artistic approaches, CHRONIQUES has signed an agreement for artist exchanges and workshop residencies under the sponsorship of the Conseil des arts et des lettres du Qu\u00e9bec between Quebec and Marseille in the field of digital arts.<\/p>\n\n\n\n<p>After two initial editions, this year we launched the third year of the cross-residency program, under the same terms and conditions. <\/p>\n\n\n\n<p>As part of this exchange, a French or Quebec curator or digital artist will be given two months to conduct research and reflect on topics related to digital technology.<\/p>\n\n\n\n<div class=\"wp-block-columns is-layout-flex wp-container-core-columns-is-layout-28f84493 wp-block-columns-is-layout-flex\">\n<div class=\"wp-block-column is-layout-flow wp-block-column-is-layout-flow\">\n<figure class=\"wp-block-image aligncenter size-large\"><img loading=\"lazy\" decoding=\"async\" width=\"1500\" height=\"505\" src=\"https:\/\/chroniques.org\/wp-content\/uploads\/2024\/12\/LOGO_NOIRRBV-1500x505.png\" alt=\"\" class=\"wp-image-32391\" srcset=\"https:\/\/chroniques.org\/wp-content\/uploads\/2024\/12\/LOGO_NOIRRBV-1500x505.png 1500w, https:\/\/chroniques.org\/wp-content\/uploads\/2024\/12\/LOGO_NOIRRBV-1000x337.png 1000w, https:\/\/chroniques.org\/wp-content\/uploads\/2024\/12\/LOGO_NOIRRBV-768x259.png 768w, https:\/\/chroniques.org\/wp-content\/uploads\/2024\/12\/LOGO_NOIRRBV-1536x517.png 1536w, https:\/\/chroniques.org\/wp-content\/uploads\/2024\/12\/LOGO_NOIRRBV-2048x689.png 2048w\" sizes=\"auto, (max-width: 1500px) 100vw, 1500px\" \/><\/figure>\n<\/div>\n\n\n\n<div class=\"wp-block-column is-layout-flow wp-block-column-is-layout-flow\">\n<figure class=\"wp-block-image aligncenter size-large\"><img decoding=\"async\" src=\"https:\/\/chroniques-biennale.org\/wp-content\/uploads\/2024\/08\/QUEBEC_noir-1024x309.png\" alt=\"\"\/><\/figure>\n<\/div>\n\n\n\n<div class=\"wp-block-column is-layout-flow wp-block-column-is-layout-flow\">\n<figure class=\"wp-block-image aligncenter size-full\"><img loading=\"lazy\" decoding=\"async\" width=\"1350\" height=\"600\" src=\"https:\/\/chroniques.org\/wp-content\/uploads\/2024\/12\/Calq_noir.png\" alt=\"\" class=\"wp-image-32389\" srcset=\"https:\/\/chroniques.org\/wp-content\/uploads\/2024\/12\/Calq_noir.png 1350w, https:\/\/chroniques.org\/wp-content\/uploads\/2024\/12\/Calq_noir-1000x444.png 1000w, https:\/\/chroniques.org\/wp-content\/uploads\/2024\/12\/Calq_noir-768x341.png 768w\" sizes=\"auto, (max-width: 1350px) 100vw, 1350px\" \/><\/figure>\n<\/div>\n\n\n\n<div class=\"wp-block-column is-layout-flow wp-block-column-is-layout-flow\">\n<figure class=\"wp-block-image aligncenter size-full is-resized\"><img loading=\"lazy\" decoding=\"async\" width=\"1500\" height=\"1000\" src=\"https:\/\/chroniques.org\/wp-content\/uploads\/2024\/12\/RectoVerso.png\" alt=\"\" class=\"wp-image-32393\" style=\"width:110px;height:auto\" srcset=\"https:\/\/chroniques.org\/wp-content\/uploads\/2024\/12\/RectoVerso.png 1500w, https:\/\/chroniques.org\/wp-content\/uploads\/2024\/12\/RectoVerso-1000x667.png 1000w, https:\/\/chroniques.org\/wp-content\/uploads\/2024\/12\/RectoVerso-768x512.png 768w\" sizes=\"auto, (max-width: 1500px) 100vw, 1500px\" \/><\/figure>\n<\/div>\n\n\n\n<div class=\"wp-block-column is-layout-flow wp-block-column-is-layout-flow\">\n<figure class=\"wp-block-image aligncenter size-full is-resized\"><img loading=\"lazy\" decoding=\"async\" width=\"1381\" height=\"1070\" src=\"https:\/\/chroniques.org\/wp-content\/uploads\/2024\/12\/FRICHE.png\" alt=\"\" class=\"wp-image-32395\" style=\"width:68px;height:auto\" srcset=\"https:\/\/chroniques.org\/wp-content\/uploads\/2024\/12\/FRICHE.png 1381w, https:\/\/chroniques.org\/wp-content\/uploads\/2024\/12\/FRICHE-1000x775.png 1000w, https:\/\/chroniques.org\/wp-content\/uploads\/2024\/12\/FRICHE-768x595.png 768w\" sizes=\"auto, (max-width: 1381px) 100vw, 1381px\" \/><\/figure>\n<\/div>\n<\/div>\n\n\n\n<details class=\"wp-block-details is-layout-flow wp-block-details-is-layout-flow\"><summary>Locations and duration<\/summary>\n<p>The French winner will enjoy a two-month residency (at the beginning of the year) in Quebec City (QC-CA) with <a href=\"https:\/\/mmrectoverso.org\/\">Les Productions Recto-Verso<\/a>, Festival Mois Multi.<strong> <\/strong><\/p>\n\n\n\n<p>The Quebec winner will enjoy a two-month residency (at the beginning of the year) in Marseille (France) at the CHRONIQUES offices at La Friche la Belle de Mai.<\/p>\n<\/details>\n\n\n\n<details class=\"wp-block-details is-layout-flow wp-block-details-is-layout-flow\"><summary>Objectives<\/summary>\n<ul class=\"wp-block-list\">\n<li>Develop new networks for artistic creation, production and distribution.<\/li>\n\n\n\n<li>Support and stimulate creators by providing them with a studio and an environment and resources appropriate for research.<\/li>\n\n\n\n<li>Offer participation in the festival in the form of a presentation of the general approach and the results of the new research (residency outcomes, conference, workshop, etc.).<\/li>\n\n\n\n<li>To help artists and writers recharge their batteries by giving them access to a new and stimulating cultural environment.<\/li>\n\n\n\n<li>To enable the exchange of artistic or literary points of view and to contribute to the establishment of lasting links between creators in Quebec and abroad.<\/li>\n\n\n\n<li>Promote the work and career development of Quebec and French artists abroad.<\/li>\n<\/ul>\n<\/details>\n\n\n\n<details class=\"wp-block-details is-layout-flow wp-block-details-is-layout-flow\"><summary>Amount of the grant<\/summary>\n<p><strong><strong>\u20ac5,500<\/strong><\/strong> &#8211; costs covered by the scholarship:<\/p>\n\n\n\n<p>The grant awarded will enable the successful candidate to cover the costs of their personal insurance, travel, living expenses and the costs of carrying out the project. the successful candidate undertakes to book his\/her own transport.<\/p>\n\n\n\n<p>It is also their responsibility to obtain all documents necessary for their stay abroad, including a visa if required by the host country. <br\/>Applicants are not required to submit a detailed budget in support of their application.<\/p>\n<\/details>\n\n\n\n<details class=\"wp-block-details is-layout-flow wp-block-details-is-layout-flow\"><summary>Calendar<\/summary>\n<p>In odd-numbered years: calls for applications for residencies are launched at the beginning of summer. Residencies take place at the beginning of the following year for a period of two months. <\/p>\n<\/details>\n<\/details>\n<\/div>\n<\/div>\n\n<div style=\"height:150px\" aria-hidden=\"true\" class=\"wp-block-spacer\"><\/div>\n\n<div class=\"wp-block-columns alignwide is-layout-flex wp-container-core-columns-is-layout-28f84493 wp-block-columns-is-layout-flex\">\n<div class=\"wp-block-column is-layout-flow wp-block-column-is-layout-flow\">\n<figure class=\"wp-block-image alignright size-large has-custom-border\"><img loading=\"lazy\" decoding=\"async\" width=\"1500\" height=\"1000\" src=\"https:\/\/chroniques.org\/wp-content\/uploads\/2025\/10\/DSC00608-1500x1000.jpg\" alt=\"\" class=\"wp-image-34339\" style=\"border-radius:15px\" srcset=\"https:\/\/chroniques.org\/wp-content\/uploads\/2025\/10\/DSC00608-1500x1000.jpg 1500w, https:\/\/chroniques.org\/wp-content\/uploads\/2025\/10\/DSC00608-1000x667.jpg 1000w, https:\/\/chroniques.org\/wp-content\/uploads\/2025\/10\/DSC00608-768x512.jpg 768w, https:\/\/chroniques.org\/wp-content\/uploads\/2025\/10\/DSC00608-1536x1024.jpg 1536w, https:\/\/chroniques.org\/wp-content\/uploads\/2025\/10\/DSC00608-2048x1365.jpg 2048w\" sizes=\"auto, (max-width: 1500px) 100vw, 1500px\" \/><\/figure>\n<\/div>\n\n\n\n<div class=\"wp-block-column is-layout-flow wp-block-column-is-layout-flow\">\n<p class=\"has-large-font-size\">Creative residencies<\/p>\n\n\n\n<p>Mediterranean Residences<\/p>\n\n\n\n<p><strong>Fields<\/strong>: Visual arts, photography, music.<br\/>CHRONIQUES is a partner in the program for the visual arts.<br\/><strong>Eligible participants:<\/strong><br\/>Artists from the Mediterranean region, including Morocco, Algeria, Albania, Turkey, Egypt, Tunisia, and Palestine.<\/p>\n\n\n\n<details class=\"wp-block-details is-layout-flow wp-block-details-is-layout-flow\"><summary>Pr\u00e9sentation &amp; modalit\u00e9s<\/summary>\n<p>R\u00e9sidences M\u00e9diterran\u00e9e is a program run by La Friche la Belle de Mai for artists from around the Mediterranean\u2014Morocco, Algeria, Albania, Turkey, Egypt, Tunisia, and Palestine\u2014in Marseille, to encourage their mobility in the Mediterranean region.<\/p>\n\n\n\n<p>CHRONIQUES is a partner of the program in the field of visual arts.<\/p>\n\n\n\n<div class=\"wp-block-buttons is-layout-flex wp-block-buttons-is-layout-flex\">\n<div class=\"wp-block-button\"><a class=\"wp-block-button__link wp-element-button\" href=\"https:\/\/www.lafriche.org\/la-friche\/residences\/residence-mediterranee\/\" target=\"_blank\" rel=\"noreferrer noopener\">Read more<\/a><\/div>\n<\/div>\n\n\n\n<div class=\"wp-block-columns is-layout-flex wp-container-core-columns-is-layout-28f84493 wp-block-columns-is-layout-flex\">\n<div class=\"wp-block-column is-layout-flow wp-block-column-is-layout-flow\">\n<figure class=\"wp-block-image alignleft size-full is-resized\"><img loading=\"lazy\" decoding=\"async\" width=\"1381\" height=\"1070\" src=\"https:\/\/chroniques.org\/wp-content\/uploads\/2024\/12\/FRICHE.png\" alt=\"\" class=\"wp-image-32395\" style=\"width:68px;height:auto\" srcset=\"https:\/\/chroniques.org\/wp-content\/uploads\/2024\/12\/FRICHE.png 1381w, https:\/\/chroniques.org\/wp-content\/uploads\/2024\/12\/FRICHE-1000x775.png 1000w, https:\/\/chroniques.org\/wp-content\/uploads\/2024\/12\/FRICHE-768x595.png 768w\" sizes=\"auto, (max-width: 1381px) 100vw, 1381px\" \/><\/figure>\n<\/div>\n<\/div>\n\n\n\n<details class=\"wp-block-details is-layout-flow wp-block-details-is-layout-flow\"><summary>Locations and duration<\/summary>\n<p>Three months of support in a residential facility at La Friche la Belle de Mai, Marseille (FR).<\/p>\n<\/details>\n\n\n\n<details class=\"wp-block-details is-layout-flow wp-block-details-is-layout-flow\"><summary>Objectives<\/summary>\n<ul class=\"wp-block-list\">\n<li>Hosting emerging artists from countries around the Mediterranean<\/li>\n\n\n\n<li>Facilitating mobility and encounters between artists from countries around the Mediterranean<\/li>\n\n\n\n<li>Create a research laboratory without any obligation to produce results<\/li>\n\n\n\n<li>Ensure contact with professionals in the region<\/li>\n<\/ul>\n<\/details>\n\n\n\n<details class=\"wp-block-details is-layout-flow wp-block-details-is-layout-flow\"><summary>Calendar<\/summary>\n<p>The call for applications for the residency is launched in the spring. The three-month residency is scheduled for the beginning of the following year.  <\/p>\n<\/details>\n<\/details>\n<\/div>\n<\/div>\n\n<div style=\"height:150px\" aria-hidden=\"true\" class=\"wp-block-spacer\"><\/div>\n\n<div class=\"wp-block-columns alignwide is-layout-flex wp-container-core-columns-is-layout-28f84493 wp-block-columns-is-layout-flex\">\n<div class=\"wp-block-column is-layout-flow wp-block-column-is-layout-flow\">\n<figure class=\"wp-block-image alignright size-large has-custom-border\"><img loading=\"lazy\" decoding=\"async\" width=\"1500\" height=\"844\" src=\"https:\/\/chroniques.org\/wp-content\/uploads\/2025\/10\/1aa4ae531823ed041fe72dcfc913f3a00ef08ead24b73ae2dc90509398e14e16-1500x844.png\" alt=\"\" class=\"wp-image-34524\" style=\"border-radius:15px\" srcset=\"https:\/\/chroniques.org\/wp-content\/uploads\/2025\/10\/1aa4ae531823ed041fe72dcfc913f3a00ef08ead24b73ae2dc90509398e14e16-1500x844.png 1500w, https:\/\/chroniques.org\/wp-content\/uploads\/2025\/10\/1aa4ae531823ed041fe72dcfc913f3a00ef08ead24b73ae2dc90509398e14e16-1000x563.png 1000w, https:\/\/chroniques.org\/wp-content\/uploads\/2025\/10\/1aa4ae531823ed041fe72dcfc913f3a00ef08ead24b73ae2dc90509398e14e16-768x432.png 768w, https:\/\/chroniques.org\/wp-content\/uploads\/2025\/10\/1aa4ae531823ed041fe72dcfc913f3a00ef08ead24b73ae2dc90509398e14e16-1536x864.png 1536w, https:\/\/chroniques.org\/wp-content\/uploads\/2025\/10\/1aa4ae531823ed041fe72dcfc913f3a00ef08ead24b73ae2dc90509398e14e16.png 1920w\" sizes=\"auto, (max-width: 1500px) 100vw, 1500px\" \/><\/figure>\n<\/div>\n\n\n\n<div class=\"wp-block-column is-layout-flow wp-block-column-is-layout-flow\">\n<p class=\"has-large-font-size\">S+T+ARTS International Residencies<\/p>\n\n\n\n<p>Support and residency program in Africa<\/p>\n\n\n\n<p><strong>Fields<\/strong>: Digital arts.<br\/>As part of the European S+T+ARTS Afropean Intelligence project.<br\/><strong>Eligible individuals:<\/strong><br\/>Permanent resident artists or nationals of an African country.<\/p>\n\n\n\n<details class=\"wp-block-details is-layout-flow wp-block-details-is-layout-flow\"><summary>Pr\u00e9sentation &amp; modalit\u00e9s<\/summary>\n<p><strong>International residencies 2025\u20132026:<\/strong><br\/>Support and residency program in Africa (Tunisia, Egypt, South Africa) as part of the European S+T+ARTS Afropean Intelligence project.<\/p>\n\n\n\n<p>Of the ten residencies, four will be mentored by CHRONIQUES, in partnership with B&#8217;sarya for Arts in Alexandria, Fak&#8217;ugesi in Johannesburg, and Interference in Tunis.<\/p>\n\n\n\n<div class=\"wp-block-buttons is-layout-flex wp-block-buttons-is-layout-flex\">\n<div class=\"wp-block-button\"><a class=\"wp-block-button__link wp-element-button\" href=\"https:\/\/starts.eu\/detail\/afropean-intelligence-residencies-program\/\" target=\"_blank\" rel=\"noreferrer noopener\">Read more<\/a><\/div>\n<\/div>\n\n\n\n<div class=\"wp-block-columns is-layout-flex wp-container-core-columns-is-layout-28f84493 wp-block-columns-is-layout-flex\">\n<div class=\"wp-block-column is-layout-flow wp-block-column-is-layout-flow\">\n<figure class=\"wp-block-image alignleft size-full is-resized\"><img loading=\"lazy\" decoding=\"async\" width=\"2057\" height=\"1157\" src=\"https:\/\/chroniques.org\/wp-content\/uploads\/2025\/04\/STARTS-Main-Logo-STA-Black-edited-1.png\" alt=\"\" class=\"wp-image-33293\" style=\"width:132px;height:auto\" srcset=\"https:\/\/chroniques.org\/wp-content\/uploads\/2025\/04\/STARTS-Main-Logo-STA-Black-edited-1.png 2057w, https:\/\/chroniques.org\/wp-content\/uploads\/2025\/04\/STARTS-Main-Logo-STA-Black-edited-1-1000x562.png 1000w, https:\/\/chroniques.org\/wp-content\/uploads\/2025\/04\/STARTS-Main-Logo-STA-Black-edited-1-1500x844.png 1500w, https:\/\/chroniques.org\/wp-content\/uploads\/2025\/04\/STARTS-Main-Logo-STA-Black-edited-1-768x432.png 768w, https:\/\/chroniques.org\/wp-content\/uploads\/2025\/04\/STARTS-Main-Logo-STA-Black-edited-1-1536x864.png 1536w, https:\/\/chroniques.org\/wp-content\/uploads\/2025\/04\/STARTS-Main-Logo-STA-Black-edited-1-2048x1152.png 2048w\" sizes=\"auto, (max-width: 2057px) 100vw, 2057px\" \/><\/figure>\n<\/div>\n<\/div>\n<\/details>\n<\/div>\n<\/div>\n\n<div style=\"height:150px\" aria-hidden=\"true\" class=\"wp-block-spacer\"><\/div>\n\n<div class=\"wp-block-columns alignwide is-layout-flex wp-container-core-columns-is-layout-28f84493 wp-block-columns-is-layout-flex\">\n<div class=\"wp-block-column is-layout-flow wp-block-column-is-layout-flow\">\n<figure class=\"wp-block-image alignright size-large has-custom-border\"><img loading=\"lazy\" decoding=\"async\" width=\"1500\" height=\"998\" src=\"https:\/\/chroniques.org\/wp-content\/uploads\/2025\/10\/11-11-22_Biennale-Chroniques_Friche_CREDIT_Pierre-Gondard_-54-1500x998.jpg\" alt=\"\" class=\"wp-image-34529\" style=\"border-radius:15px\" srcset=\"https:\/\/chroniques.org\/wp-content\/uploads\/2025\/10\/11-11-22_Biennale-Chroniques_Friche_CREDIT_Pierre-Gondard_-54-1500x998.jpg 1500w, https:\/\/chroniques.org\/wp-content\/uploads\/2025\/10\/11-11-22_Biennale-Chroniques_Friche_CREDIT_Pierre-Gondard_-54-1000x666.jpg 1000w, https:\/\/chroniques.org\/wp-content\/uploads\/2025\/10\/11-11-22_Biennale-Chroniques_Friche_CREDIT_Pierre-Gondard_-54-768x511.jpg 768w, https:\/\/chroniques.org\/wp-content\/uploads\/2025\/10\/11-11-22_Biennale-Chroniques_Friche_CREDIT_Pierre-Gondard_-54-1536x1022.jpg 1536w, https:\/\/chroniques.org\/wp-content\/uploads\/2025\/10\/11-11-22_Biennale-Chroniques_Friche_CREDIT_Pierre-Gondard_-54.jpg 1800w\" sizes=\"auto, (max-width: 1500px) 100vw, 1500px\" \/><\/figure>\n<\/div>\n\n\n\n<div class=\"wp-block-column is-layout-flow wp-block-column-is-layout-flow\">\n<p class=\"has-large-font-size\">Production residences<\/p>\n\n\n\n<p>Winning projects from the CHRONIQUES CR\u00c9ATIONS platform <\/p>\n\n\n\n<p><strong>Fields<\/strong>: Digital arts and hybrids.<br\/><strong>People involved:<\/strong><br\/>National and international artists<\/p>\n\n\n\n<details class=\"wp-block-details is-layout-flow wp-block-details-is-layout-flow\"><summary>Pr\u00e9sentation &amp; modalit\u00e9s<\/summary>\n<p>Every two years, the winning projects from the CHRONIQUES CR\u00c9ATIONS production platform benefit from residencies with our partners and platform members with a view to presenting them at the 2026 Biennale des Imaginaires Num\u00e9riques.<\/p>\n\n\n\n<div class=\"wp-block-buttons is-layout-flex wp-block-buttons-is-layout-flex\">\n<div class=\"wp-block-button\"><a class=\"wp-block-button__link wp-element-button\" href=\"https:\/\/chroniques.org\/en\/creations\/call-for-projects\/\">Read more<\/a><\/div>\n<\/div>\n<\/details>\n<\/div>\n<\/div>\n\n<div style=\"height:150px\" aria-hidden=\"true\" class=\"wp-block-spacer\"><\/div>\n\n<h2 class=\"wp-block-heading\">Archives<\/h2>\n\n<div class=\"wp-block-columns is-layout-flex wp-container-core-columns-is-layout-28f84493 wp-block-columns-is-layout-flex\">\n<div class=\"wp-block-column is-layout-flow wp-block-column-is-layout-flow\"><\/div>\n\n\n\n<div class=\"wp-block-column is-layout-flow wp-block-column-is-layout-flow\"><\/div>\n\n\n\n<div class=\"wp-block-column is-layout-flow wp-block-column-is-layout-flow\"><\/div>\n<\/div>\n\n<figure class=\"wp-block-embed alignwide is-type-video is-provider-vimeo wp-block-embed-vimeo wp-embed-aspect-16-9 wp-has-aspect-ratio\"><div class=\"wp-block-embed__wrapper\">\n<iframe loading=\"lazy\" title=\"Paolo Almario - Re\u0301sidence CHRONIQUES\" src=\"https:\/\/player.vimeo.com\/video\/1091275898?dnt=1&amp;app_id=122963\" width=\"640\" height=\"360\" frameborder=\"0\" allow=\"autoplay; fullscreen; picture-in-picture; clipboard-write; encrypted-media; web-share\" referrerpolicy=\"strict-origin-when-cross-origin\"><\/iframe>\n<\/div><\/figure>\n\n<figure class=\"wp-block-embed alignwide is-type-video is-provider-vimeo wp-block-embed-vimeo wp-embed-aspect-16-9 wp-has-aspect-ratio\"><div class=\"wp-block-embed__wrapper\">\n<iframe loading=\"lazy\" title=\"Yasmine Mahjoubi - Re\u0301sidence CHRONIQUES\" src=\"https:\/\/player.vimeo.com\/video\/1091273984?h=d72d1742f0&amp;dnt=1&amp;app_id=122963\" width=\"640\" height=\"360\" frameborder=\"0\" allow=\"autoplay; fullscreen; picture-in-picture; clipboard-write; encrypted-media; web-share\" referrerpolicy=\"strict-origin-when-cross-origin\"><\/iframe>\n<\/div><\/figure>\n\n<figure class=\"wp-block-embed alignwide is-type-video is-provider-vimeo wp-block-embed-vimeo wp-embed-aspect-16-9 wp-has-aspect-ratio\"><div class=\"wp-block-embed__wrapper\">\n<iframe loading=\"lazy\" title=\"Driss Ouaamar - Re\u0301sidence CHRONIQUES 2025\" src=\"https:\/\/player.vimeo.com\/video\/1091272868?dnt=1&amp;app_id=122963\" width=\"640\" height=\"360\" frameborder=\"0\" allow=\"autoplay; fullscreen; picture-in-picture; clipboard-write; encrypted-media; web-share\" referrerpolicy=\"strict-origin-when-cross-origin\"><\/iframe>\n<\/div><\/figure>\n","protected":false},"excerpt":{"rendered":"<p>Residency programs Research-creation residencies Cross-residencies France\/Quebec Fields: Digital arts and hybrids: exhibition curating, visual or media arts, multidisciplinary, electronic, and [&hellip;]<\/p>\n","protected":false},"author":1,"featured_media":0,"parent":30405,"menu_order":4,"comment_status":"closed","ping_status":"closed","template":"page-templates\/page-no-title.php","meta":{"footnotes":""},"class_list":["post-30410","page","type-page","status-publish","hentry","entry"],"_links":{"self":[{"href":"https:\/\/chroniques.org\/en\/wp-json\/wp\/v2\/pages\/30410","targetHints":{"allow":["GET"]}}],"collection":[{"href":"https:\/\/chroniques.org\/en\/wp-json\/wp\/v2\/pages"}],"about":[{"href":"https:\/\/chroniques.org\/en\/wp-json\/wp\/v2\/types\/page"}],"author":[{"embeddable":true,"href":"https:\/\/chroniques.org\/en\/wp-json\/wp\/v2\/users\/1"}],"replies":[{"embeddable":true,"href":"https:\/\/chroniques.org\/en\/wp-json\/wp\/v2\/comments?post=30410"}],"version-history":[{"count":7,"href":"https:\/\/chroniques.org\/en\/wp-json\/wp\/v2\/pages\/30410\/revisions"}],"predecessor-version":[{"id":34758,"href":"https:\/\/chroniques.org\/en\/wp-json\/wp\/v2\/pages\/30410\/revisions\/34758"}],"up":[{"embeddable":true,"href":"https:\/\/chroniques.org\/en\/wp-json\/wp\/v2\/pages\/30405"}],"wp:attachment":[{"href":"https:\/\/chroniques.org\/en\/wp-json\/wp\/v2\/media?parent=30410"}],"curies":[{"name":"wp","href":"https:\/\/api.w.org\/{rel}","templated":true}]}}