{"id":30406,"date":"2023-11-28T18:18:48","date_gmt":"2023-11-28T17:18:48","guid":{"rendered":"https:\/\/chroniques.org\/creations\/call-for-projects\/"},"modified":"2025-12-10T13:51:24","modified_gmt":"2025-12-10T12:51:24","slug":"call-for-projects","status":"publish","type":"page","link":"https:\/\/chroniques.org\/en\/creations\/call-for-projects\/","title":{"rendered":"CHRONIQUES CREATIONS"},"content":{"rendered":"\n<h1 class=\"wp-block-heading alignwide\">CHRONIQUES CREATIONS<\/h1>\n\n\n\n<div style=\"height:100px\" aria-hidden=\"true\" class=\"wp-block-spacer\"><\/div>\n\n\n\n<p class=\"has-large-font-size\">Presentation<\/p>\n\n\n\n<div class=\"wp-block-columns alignwide is-layout-flex wp-container-core-columns-is-layout-28f84493 wp-block-columns-is-layout-flex\">\n<div class=\"wp-block-column is-layout-flow wp-block-column-is-layout-flow\">\n<p>Created in 2018 and organized by CHRONIQUES \u2013 a project of the associations Seconde Nature in Aix-en-Provence and ZINC in Marseille \u2013 the Biennial of Digital Imaginaries is the highlight of digital arts and cultures in the South region. <br>Exploring visual arts, sound arts and live performance, the Biennial is interested in the presence and use of new technologies in art, invests the public space and gives voice to national and international artists from different backgrounds.  <br><\/p>\n<\/div>\n\n\n\n<div class=\"wp-block-column is-layout-flow wp-block-column-is-layout-flow\">\n<p>In preparation for each edition of the Biennale, CHRONIQUES renews its support for the production and dissemination of original artworks through the CHRONIQUES CR\u00c9ATIONS production platform, supported by the R\u00e9gion Sud, the city of Marseille, the DRAC Provence-Alpes-C\u00f4te d&#8217;Azur, and the Direction G\u00e9n\u00e9rale de la Cr\u00e9ation Artistique of the Ministry of Culture as part of the Resource Hub.<\/p>\n<\/div>\n<\/div>\n\n\n\n<div style=\"height:66px\" aria-hidden=\"true\" class=\"wp-block-spacer\"><\/div>\n\n\n\n<p class=\"has-large-font-size\">CHRONIQUES <mark style=\"background-color:rgba(0, 0, 0, 0)\" class=\"has-inline-color has-random-accent-color\">Resources Hub<\/mark><\/p>\n\n\n\n<div class=\"wp-block-columns alignwide is-layout-flex wp-container-core-columns-is-layout-28f84493 wp-block-columns-is-layout-flex\">\n<div class=\"wp-block-column is-layout-flow wp-block-column-is-layout-flow\">\n<p><strong>CHRONIQUES was designated in 2024 by the Ministry of Culture as a resource hub for artistic creation in the digital environment for the PACA region.<\/strong><\/p>\n\n\n\n<p><strong><br><\/strong><\/p>\n<\/div>\n\n\n\n<div class=\"wp-block-column is-layout-flow wp-block-column-is-layout-flow\">\n<p>In response to changes in digital technology and its uses, and to better support hybrid and transdisciplinary forms of artistic creation in the digital environment, the Ministry of Culture is setting up regional resource hubs with a view to better structuring the ecosystem.<br>The aim is to support artists and professionals and to structure ecosystems and cooperation at the regional level, particularly in terms of production and distribution.<\/p>\n<\/div>\n<\/div>\n\n\n\n<div style=\"height:66px\" aria-hidden=\"true\" class=\"wp-block-spacer\"><\/div>\n\n\n\n<p class=\"has-large-font-size\">The <mark style=\"background-color:rgba(0, 0, 0, 0)\" class=\"has-inline-color has-random-accent-color\">CHRONIQUES CR\u00c9ATIONS <\/mark>platform<\/p>\n\n\n\n<div class=\"wp-block-columns alignwide is-layout-flex wp-container-core-columns-is-layout-28f84493 wp-block-columns-is-layout-flex\">\n<div class=\"wp-block-column is-layout-flow wp-block-column-is-layout-flow\">\n<p>These new calls for projects are fully aligned with this dynamic, offering artists a structured framework to experiment, produce, and present their works. They aim to support artistic creation by strengthening synergies between artists, production venues, and distribution networks.  <\/p>\n\n\n\n<p>Within the CHRONIQUES CREATIONS platform, production is envisioned as a comprehensive and collaborative journey, providing financial support, residency phases, and public presentation stages.<br>The CHRONIQUES CREATIONS platform brings together operators from various fields (visual arts, live performance, music, audiovisual, virtual reality, etc.) who are committed to supporting artists exploring and questioning new digital technologies.<\/p>\n<\/div>\n\n\n\n<div class=\"wp-block-column is-layout-flow wp-block-column-is-layout-flow\">\n<p>This commitment and collective work allows us to be agile in our support of works for which we think about the ecosystem of projects with a distribution plan that can be sustained by partner venues.<\/p>\n\n\n\n<p>From two categories in 2018, the CHRONIQUES CREATIONS platform expanded its selection to three categories in 2024: all disciplines creation, emerging creation, and creation in public spaces. As a result, about fifteen works from various disciplines are supported in production and showcased during each Biennale. <\/p>\n<\/div>\n<\/div>\n\n\n\n<div style=\"height:57px\" aria-hidden=\"true\" class=\"wp-block-spacer\"><\/div>\n\n\n\n<div class=\"wp-block-columns alignwide is-layout-flex wp-container-core-columns-is-layout-28f84493 wp-block-columns-is-layout-flex\">\n<div class=\"wp-block-column is-layout-flow wp-block-column-is-layout-flow\">\n<figure class=\"wp-block-image size-large has-custom-border\"><img loading=\"lazy\" decoding=\"async\" width=\"1500\" height=\"844\" src=\"https:\/\/chroniques.org\/wp-content\/uploads\/2025\/04\/02_Expo-PIB_Friche_Basse-def_\u00a9Gregoire-Edouard-edited-1500x844.jpg\" alt=\"\" class=\"wp-image-32982\" style=\"border-style:none;border-width:0px\" srcset=\"https:\/\/chroniques.org\/wp-content\/uploads\/2025\/04\/02_Expo-PIB_Friche_Basse-def_\u00a9Gregoire-Edouard-edited-1500x844.jpg 1500w, https:\/\/chroniques.org\/wp-content\/uploads\/2025\/04\/02_Expo-PIB_Friche_Basse-def_\u00a9Gregoire-Edouard-edited-1000x563.jpg 1000w, https:\/\/chroniques.org\/wp-content\/uploads\/2025\/04\/02_Expo-PIB_Friche_Basse-def_\u00a9Gregoire-Edouard-edited-768x432.jpg 768w, https:\/\/chroniques.org\/wp-content\/uploads\/2025\/04\/02_Expo-PIB_Friche_Basse-def_\u00a9Gregoire-Edouard-edited-1536x864.jpg 1536w, https:\/\/chroniques.org\/wp-content\/uploads\/2025\/04\/02_Expo-PIB_Friche_Basse-def_\u00a9Gregoire-Edouard-edited-2048x1152.jpg 2048w\" sizes=\"auto, (max-width: 1500px) 100vw, 1500px\" \/><figcaption class=\"wp-element-caption\">Marit Westerhuis &#8211;<em> Touch Some Grass &#8211; <\/em>CHRONIQUES CR\u00c9ATIONS 2024 &#8211; \u00a9 Gr\u00e9goire \u00c9douard<\/figcaption><\/figure>\n<\/div>\n\n\n\n<div class=\"wp-block-column is-layout-flow wp-block-column-is-layout-flow\">\n<figure class=\"wp-block-image size-large\"><img loading=\"lazy\" decoding=\"async\" width=\"2000\" height=\"1125\" src=\"https:\/\/chroniques.org\/wp-content\/uploads\/2025\/04\/05_Cloture_vendredi-17-janvier_Friche_Basse-def_\u00a9Gregoire-Edouard-edited.jpg\" alt=\"\" class=\"wp-image-33023\" srcset=\"https:\/\/chroniques.org\/wp-content\/uploads\/2025\/04\/05_Cloture_vendredi-17-janvier_Friche_Basse-def_\u00a9Gregoire-Edouard-edited.jpg 2000w, https:\/\/chroniques.org\/wp-content\/uploads\/2025\/04\/05_Cloture_vendredi-17-janvier_Friche_Basse-def_\u00a9Gregoire-Edouard-edited-1000x563.jpg 1000w, https:\/\/chroniques.org\/wp-content\/uploads\/2025\/04\/05_Cloture_vendredi-17-janvier_Friche_Basse-def_\u00a9Gregoire-Edouard-edited-1500x844.jpg 1500w, https:\/\/chroniques.org\/wp-content\/uploads\/2025\/04\/05_Cloture_vendredi-17-janvier_Friche_Basse-def_\u00a9Gregoire-Edouard-edited-768x432.jpg 768w, https:\/\/chroniques.org\/wp-content\/uploads\/2025\/04\/05_Cloture_vendredi-17-janvier_Friche_Basse-def_\u00a9Gregoire-Edouard-edited-1536x864.jpg 1536w\" sizes=\"auto, (max-width: 2000px) 100vw, 2000px\" \/><figcaption class=\"wp-element-caption\">Studio Martyr &#8211; Disco Funeral &#8211; CHRONIQUES CR\u00c9ATIONS 2024 &#8211; \u00a9 Gr\u00e9goire \u00c9douard<\/figcaption><\/figure>\n<\/div>\n<\/div>\n\n\n\n<p class=\"has-text-align-left has-small-font-size\"><\/p>\n\n\n\n<div style=\"height:66px\" aria-hidden=\"true\" class=\"wp-block-spacer\"><\/div>\n\n\n\n<p class=\"has-large-font-size\"><mark style=\"background-color:rgba(0, 0, 0, 0)\" class=\"has-inline-color has-random-accent-color\">The Biennale of Digital Imaginaries<\/mark><\/p>\n\n\n\n<div class=\"wp-block-columns alignwide is-layout-flex wp-container-core-columns-is-layout-28f84493 wp-block-columns-is-layout-flex\">\n<div class=\"wp-block-column is-layout-flow wp-block-column-is-layout-flow\">\n<p>The Biennale of Digital Imaginaries takes place every even-numbered year. <\/p>\n\n\n\n<p>It opens with a launch period that includes special events in public spaces, as well as dedicated spaces for professionals: themed forums (XR, artistic video games, etc.) and the March\u00e9 des Imaginaires Num\u00e9riques (Digital Imaginaries Market). <\/p>\n\n\n\n<p>During three months, a curated journey of around fifteen exhibitions draws more than 100,000 visitors in Marseille, Aix-en-Provence, Avignon, Arles, and Istres.<br>In the closing program, we spotlight new performative narratives\u2014emerging forms of theatrical, choreographic, and musical creation. <\/p>\n<\/div>\n\n\n\n<div class=\"wp-block-column is-layout-flow wp-block-column-is-layout-flow\">\n<p><strong>Guests of honor : <\/strong><\/p>\n\n\n\n<p>Each edition of the Biennale highlights the artistic and professional scenes of a specific region alongside an international program.<br>The 2026 Biennale will feature Morocco, Egypt, and Tunisia as part of the Mediterranean Season 2026, organized by the Institut Fran\u00e7ais.<\/p>\n\n\n\n<p><strong>Theme : Resistance: hacktivism, diversions and artistic tactics in the digital age<\/strong><\/p>\n\n\n\n<div class=\"wp-block-buttons is-layout-flex wp-block-buttons-is-layout-flex\">\n<div class=\"wp-block-button\"><a class=\"wp-block-button__link wp-element-button\" href=\"https:\/\/chroniques.org\/en\/creations\/2026-theme\/\">Read the theme<\/a><\/div>\n\n\n\n<div class=\"wp-block-button\"><a class=\"wp-block-button__link wp-element-button\" href=\"https:\/\/chroniques.org\/en\/creations\/chroniques-creations\/charters\/\">Read our charters<\/a><\/div>\n<\/div>\n<\/div>\n<\/div>\n\n\n\n<div style=\"height:100px\" aria-hidden=\"true\" class=\"wp-block-spacer\"><\/div>\n\n\n\n<figure class=\"wp-block-image alignwide size-large\"><img loading=\"lazy\" decoding=\"async\" width=\"1500\" height=\"1000\" src=\"https:\/\/chroniques.org\/wp-content\/uploads\/2025\/04\/93_Chroniques-friche-7-septembre_Basse-def_\u00a9Gregoire-Edouard-1500x1000.jpg\" alt=\"\" class=\"wp-image-32968\" srcset=\"https:\/\/chroniques.org\/wp-content\/uploads\/2025\/04\/93_Chroniques-friche-7-septembre_Basse-def_\u00a9Gregoire-Edouard-1500x1000.jpg 1500w, https:\/\/chroniques.org\/wp-content\/uploads\/2025\/04\/93_Chroniques-friche-7-septembre_Basse-def_\u00a9Gregoire-Edouard-1000x667.jpg 1000w, https:\/\/chroniques.org\/wp-content\/uploads\/2025\/04\/93_Chroniques-friche-7-septembre_Basse-def_\u00a9Gregoire-Edouard-768x512.jpg 768w, https:\/\/chroniques.org\/wp-content\/uploads\/2025\/04\/93_Chroniques-friche-7-septembre_Basse-def_\u00a9Gregoire-Edouard-1536x1024.jpg 1536w, https:\/\/chroniques.org\/wp-content\/uploads\/2025\/04\/93_Chroniques-friche-7-septembre_Basse-def_\u00a9Gregoire-Edouard.jpg 2000w\" sizes=\"auto, (max-width: 1500px) 100vw, 1500px\" \/><\/figure>\n\n\n\n<p class=\"has-text-align-left has-small-font-size\">Thomas Laigle &#8211; <em>Lucif\u00e9rine<\/em> &#8211; CHRONIQUES CR\u00c9ATIONS 2024 &#8211; \u00a9 Gr\u00e9goire \u00c9douard<\/p>\n\n\n\n<div style=\"height:161px\" aria-hidden=\"true\" class=\"wp-block-spacer\"><\/div>\n\n\n\n<h3 class=\"wp-block-heading\">Winners artists 2025 :<\/h3>\n\n\n\n<div class=\"wp-block-group has-random-accent-background-color has-background is-vertical is-layout-flex wp-container-core-group-is-layout-10babc22 wp-block-group-is-layout-flex\" style=\"border-radius:63px;padding-top:var(--wp--preset--spacing--50);padding-right:var(--wp--preset--spacing--80);padding-bottom:var(--wp--preset--spacing--50);padding-left:var(--wp--preset--spacing--80)\">\n<div class=\"wp-block-columns is-layout-flex wp-container-core-columns-is-layout-28f84493 wp-block-columns-is-layout-flex\">\n<div class=\"wp-block-column is-layout-flow wp-block-column-is-layout-flow\">\n<p><strong>AGN\u00c8S DE CAYEUX<\/strong><br>VR experience <br><br><strong>CL\u00c9MENT \u00c9DOUARD<br><\/strong>Visual and sound installation <br><br><strong>COLLECTIF IMPATIENCE &#8211; PERRINE MORAY &amp; OLIVIER BOR\u00c9EL<br><\/strong>creation for public spaces<br><br><strong>INVIVO &#8211; JULIEN DUBUC<br><\/strong>performance &amp; live show<br><br><strong>J\u00c9R\u00c9MY GRIFFAUD<br><\/strong>sound creation &amp; visual art<br><br><strong>LUNDJA MEDJOUB<br><\/strong>sound creation &amp; visual art<br><br><strong>MATHILDE REYNAUD<br><\/strong>installation based on the video game<br><br><strong>MAWENA YEHOUESSI<br><\/strong>visual arts installation<\/p>\n\n\n\n<p>MAXIME ARNOULD<br>performance &amp; live entertainment <\/p>\n<\/div>\n\n\n\n<div class=\"wp-block-column is-layout-flow wp-block-column-is-layout-flow\">\n<p>MOUNIR AYACHE<br>visual arts inspired by video games<br><br>OLIVAIN PORRY<br>visual arts <\/p>\n\n\n\n<p><strong>OLIVIER B\u00c9MER<br><\/strong>visual arts <\/p>\n\n\n\n<p><strong>ROMAIN TARDY<br><\/strong>creation for public space<\/p>\n\n\n\n<p><strong>SACHA REY<br><\/strong>visual arts<\/p>\n\n\n\n<p><strong>ST\u00c9FANE PERRAUD &amp; ARAM KEBABDJIAN<br><\/strong>visual arts <\/p>\n\n\n\n<p><strong>ST\u00c9PHANIE ROLLAND <br><\/strong>visual arts<\/p>\n\n\n\n<p><strong>\u00c9TIENNE REY<br><\/strong>visual arts<\/p>\n<\/div>\n<\/div>\n<\/div>\n\n\n\n<p>The plateform CHRONIQUES CR\u00c9ATIONS is supported by R\u00e9gion Sud, the city of Marseille, the DRAC Provence-Alpes-C\u00f4te d\u2019Azur, and by the General Directorate of Artistic Creation of the Ministry of<br>Culture as part of the Resource Hub.<\/p>\n\n\n\n<p><\/p>\n\n\n\n<div style=\"height:60px\" aria-hidden=\"true\" class=\"wp-block-spacer\"><\/div>\n\n\n\n<div class=\"wp-block-buttons is-content-justification-left is-layout-flex wp-container-core-buttons-is-layout-fc4fd283 wp-block-buttons-is-layout-flex\">\n<div class=\"wp-block-button\"><a class=\"wp-block-button__link wp-element-button\" href=\"https:\/\/chroniques.org\/en\/creations\/works\/\">Discover the creations<\/a><\/div>\n<\/div>\n\n\n\n<div style=\"height:100px\" aria-hidden=\"true\" class=\"wp-block-spacer\"><\/div>\n\n\n\n<p class=\"has-small-font-size\"><\/p>\n\n\n\n<hr class=\"wp-block-separator alignwide has-alpha-channel-opacity is-style-wide\" style=\"margin-top:0\"\/>\n\n\n\n<h2 class=\"wp-block-heading\">Key figures<\/h2>\n\n\n\n<p><strong>In 2024, CHRONIQUES creations was :<\/strong><\/p>\n\n\n\n<div class=\"wp-block-columns alignwide is-layout-flex wp-container-core-columns-is-layout-28f84493 wp-block-columns-is-layout-flex\">\n<div class=\"wp-block-column is-layout-flow wp-block-column-is-layout-flow\">\n<p class=\"noMarginBottom has-x-large-font-size\"> <strong>14<\/strong><\/p>\n\n\n\n<p class=\"noMarginTop\">supported creations<\/p>\n\n\n\n<hr class=\"wp-block-separator has-alpha-channel-opacity is-style-wide\"\/>\n<\/div>\n\n\n\n<div class=\"wp-block-column is-layout-flow wp-block-column-is-layout-flow\">\n<p class=\"noMarginBottom has-x-large-font-size\"><strong>  44<\/strong><\/p>\n\n\n\n<p class=\"noMarginTop\">parteners<\/p>\n\n\n\n<hr class=\"wp-block-separator has-alpha-channel-opacity is-style-wide\"\/>\n<\/div>\n<\/div>\n\n\n\n<div style=\"height:100px\" aria-hidden=\"true\" class=\"wp-block-spacer\"><\/div>\n\n\n\n<h2 class=\"wp-block-heading alignwide\">Co-producers &amp; residency venues 2025-2026<\/h2>\n\n\n\n<div style=\"height:100px\" aria-hidden=\"true\" class=\"wp-block-spacer\"><\/div>\n\n\n\n<div class=\"wp-block-columns alignwide is-layout-flex wp-container-core-columns-is-layout-28f84493 wp-block-columns-is-layout-flex\">\n<div class=\"wp-block-column is-layout-flow wp-block-column-is-layout-flow\">\n<p><strong><a href=\"https:\/\/gmem.org\/\" target=\"_blank\" rel=\"noreferrer noopener\">GMEM<\/a><\/strong> \u2013 National Center for Musical Creation, Marseille<br><a href=\"https:\/\/www.nncorsino.com\/fr\/44\/actualites\" target=\"_blank\" rel=\"noreferrer noopener\"><strong>SCENE44 <\/strong>. <\/a>n + n corsino, Marseille<br><strong><a href=\"https:\/\/www.3bisf.com\/\" target=\"_blank\" rel=\"noreferrer noopener\">3 bis f <\/a><\/strong>\u2013 Centre d\u2019arts contemporains d\u2019int\u00e9r\u00eat national. R\u00e9sidences d\u2019artistes | arts vivants &amp; arts visuels, Aix-en-Provence<br><strong><a href=\"https:\/\/www.amicentre.biz\/\" target=\"_blank\" rel=\"noreferrer noopener\">AMI <\/a><\/strong>\u2013 Aide aux Musiques Innovatrices, Marseille<br><strong><a href=\"http:\/\/deletere.org\/\" target=\"_blank\" rel=\"noreferrer noopener\">deletere<\/a><\/strong>, Marseille<br><strong><a href=\"https:\/\/www.ballet-de-marseille.com\/\" target=\"_blank\" rel=\"noreferrer noopener\">BNM<\/a><\/strong> &#8211; Ballet National de Marseille<br><strong><a href=\"https:\/\/citadelledemarseille.org\/\" target=\"_blank\" rel=\"noreferrer noopener\">La Citadelle,<\/a><\/strong> Marseille<br><strong><a href=\"https:\/\/legrenierasel-avignon.fr\/\">EDIS<\/a><\/strong> \u2013 Fonds de dotation, Grenier \u00e0 Sel, Avignon <br><strong><a href=\"https:\/\/lab-gamerz.com\/\" target=\"_blank\" rel=\"noreferrer noopener\">LABgamerz <\/a><\/strong>\u2013 pratiques artistiques interdisciplinaires et multim\u00e9dia, Aix-en-Provence<\/p>\n<\/div>\n\n\n\n<div class=\"wp-block-column is-layout-flow wp-block-column-is-layout-flow\">\n<p><strong><a href=\"https:\/\/www.lehublot.net\/\" target=\"_blank\" rel=\"noreferrer noopener\">Le Hublot,<\/a><\/strong> center for digital training and creation, Nice<br><strong><a href=\"https:\/\/lafruitierenumerique.fr\/\" target=\"_blank\" rel=\"noreferrer noopener\">The Fruiti\u00e8re Num\u00e9rique<\/a><\/strong>, Lourmarin<br><strong><a href=\"https:\/\/www.lieuxpublics.com\/\" target=\"_blank\" rel=\"noreferrer noopener\">Lieux Publics<\/a><\/strong> \u2013 Centre national des arts de la rue et de l\u2019espace public &amp; p\u00f4le europ\u00e9en de cr\u00e9ation, Marseille<br><strong><a href=\"https:\/\/www.radiogrenouille.com\/grenouille-euphonia\/\" target=\"_blank\" rel=\"noreferrer noopener\">Euphonia<\/a><\/strong>, Marseille<br><strong><a href=\"https:\/\/www.6mic-aix.fr\/\" target=\"_blank\" rel=\"noreferrer noopener\">6MIC<\/a> <\/strong>\u2013 Salle de concerts, Aix-en-Provence<br><strong><a href=\"https:\/\/www.artagon.org\/\" target=\"_blank\" rel=\"noreferrer noopener\">Artagon<\/a><\/strong>, Marseille<br><strong><a href=\"https:\/\/www.centrefernandleger.com\/\" target=\"_blank\" rel=\"noreferrer noopener\">Centre d\u2019arts plastiques<\/a><\/strong> Fernand L\u00e9ger, Ville de Port de Bouc<br><strong><a href=\"https:\/\/voyonsvoir.art\/\" target=\"_blank\" rel=\"noreferrer noopener\">voyons voir, <\/a><\/strong>contemporary art and territory, Aix-en-Provence<br><strong><a href=\"http:\/\/campusartsmediterranee.fr\/\" target=\"_blank\" rel=\"noreferrer noopener\">Campus art M\u00e9diterran\u00e9e,<\/a><\/strong> Marseille<br><\/p>\n<\/div>\n<\/div>\n\n\n\n<div style=\"height:100px\" aria-hidden=\"true\" class=\"wp-block-spacer\"><\/div>\n\n\n\n<h2 class=\"wp-block-heading alignwide\">Other co-producers &amp; partners 2025-2026<\/h2>\n\n\n\n<div style=\"height:100px\" aria-hidden=\"true\" class=\"wp-block-spacer\"><\/div>\n\n\n\n<div class=\"wp-block-columns alignwide is-layout-flex wp-container-core-columns-is-layout-28f84493 wp-block-columns-is-layout-flex\">\n<div class=\"wp-block-column is-layout-flow wp-block-column-is-layout-flow\">\n<p><strong><a href=\"https:\/\/festival15.plateformeparallele.com\/\" target=\"_blank\" rel=\"noreferrer noopener\">Festival Parall\u00e8le <\/a><\/strong>&#8211; Festival of international emerging artistic practices Marseille and Aix-en-Provence<strong><br><a href=\"https:\/\/www.fetedeslumieres.lyon.fr\/fr\" target=\"_blank\" rel=\"noreferrer noopener\">F\u00eate des Lumi\u00e8res<\/a><\/strong>, Lyon<strong><br><a href=\"https:\/\/www.dark-euphoria.com\/\" target=\"_blank\" rel=\"noreferrer noopener\">Dark Euphoria<\/a><\/strong>, Marseille<strong><br><a href=\"https:\/\/octobre-numerique.fr\/\" target=\"_blank\" rel=\"noreferrer noopener\">Festival Octobre Num\u00e9rique<\/a><\/strong>, Arles <strong><br><a href=\"https:\/\/www.artagon.org\/\" target=\"_blank\" rel=\"noreferrer noopener\">Artagon<\/a><\/strong>, Marseille<strong><br><a href=\"https:\/\/www.imera.fr\/\" target=\"_blank\" rel=\"noreferrer noopener\">IMERA<\/a> <\/strong>&#8211; Institut d&#8217;\u00c9tudes Avanc\u00e9es, Aix-Marseille Universit\u00e9<strong><br><a href=\"https:\/\/multiplica.lu\/\" target=\"_blank\" rel=\"noreferrer noopener\">Rotondes<\/a> <\/strong>&#8211; Festival Multiplica, Luxembourg-Bonnevoie<strong><br><a href=\"https:\/\/drive.google.com\/file\/d\/1kG4kcBy57DmxLSwaKK0k7LVRun-9c1EX\/view?usp=drive_link\" target=\"_blank\" rel=\"noreferrer noopener\">Hexagone<\/a> <\/strong>&#8211; Sc\u00e8ne nationale, Meylan<strong><br><a href=\"http:\/\/oblique-s.org\/\" target=\"_blank\" rel=\"noreferrer noopener\">OBLIQUE\/S<\/a> <\/strong>&#8211; R\u00e9seau professionnel des arts &amp; cultures num\u00e9riques, Normandie<strong><br><a href=\"https:\/\/polepixel.fr\/\" target=\"_blank\" rel=\"noreferrer noopener\">P\u00f4le Pixel<\/a><\/strong>, Villeurbanne<\/p>\n<\/div>\n\n\n\n<div class=\"wp-block-column is-layout-flow wp-block-column-is-layout-flow\">\n<p><strong><a href=\"https:\/\/www.constellations-metz.fr\/\">Festival Constellations<\/a><\/strong>, Metz<strong><br><a href=\"https:\/\/biennale-cirque.com\/\" target=\"_blank\" rel=\"noreferrer noopener\">Biennale Internationale des Arts du Cirque<\/a><\/strong>, Marseille<strong><br><a href=\"https:\/\/espace-julien.com\/\" target=\"_blank\" rel=\"noreferrer noopener\">Espace Julien<\/a><\/strong>, Marseille<strong><br><a href=\"https:\/\/www.esaaix.fr\/\" target=\"_blank\" rel=\"noreferrer noopener\">\u00c9cole Sup\u00e9rieure d\u2019Art Felix Ciccolini<\/a><\/strong>, Aix-en-Provence<strong><br><a href=\"https:\/\/www.biennalenemo.fr\/\">Biennale N\u00e9mo<\/a><\/strong>, \u00cele de France<strong><br><a href=\"https:\/\/www.saint-etienne.fr\/pleiades-le-festival-des-arts-numeriques\" target=\"_blank\" rel=\"noreferrer noopener\">Festival Pleiades<\/a><\/strong>, Saint-Etienne<strong><br><a href=\"https:\/\/www.lab-gamerz.com\/\" target=\"_blank\" rel=\"noreferrer noopener\">LABGamerz<\/a><\/strong><a href=\"https:\/\/www.lab-gamerz.com\/\" target=\"_blank\" rel=\"noreferrer noopener\"> <\/a>&#8211; pratiques artistiques interdisciplinaires et multim\u00e9dia, Aix-en-Provence<strong><a href=\"https:\/\/station-mir.com\/2020\/\" target=\"_blank\" rel=\"noreferrer noopener\"><br>Station Mir <\/a><\/strong>&#8211; Festival ]Interstice[, Caen<br><strong><a href=\"https:\/\/www.electroni-k.org\/\" target=\"_blank\" rel=\"noreferrer noopener\">Association Electroni[k]<\/a><\/strong><a href=\"https:\/\/www.electroni-k.org\/\" target=\"_blank\" rel=\"noreferrer noopener\"> <\/a>&#8211; Festival Maintenant, Rennes<br><strong><a href=\"https:\/\/cesare-cncm.com\/\" target=\"_blank\" rel=\"noreferrer noopener\">C\u00e9sar\u00e9<\/a><\/strong> &#8211; Centre national de cr\u00e9ation musicale, Reims<strong><a href=\"https:\/\/cwb.fr\/\" target=\"_blank\" rel=\"noreferrer noopener\"><br>Centre Wallonie Bruxelles, <\/a><\/strong>Paris<\/p>\n<\/div>\n<\/div>\n","protected":false},"excerpt":{"rendered":"<p>CHRONIQUES CREATIONS Presentation Created in 2018 and organized by CHRONIQUES \u2013 a project of the associations Seconde Nature in Aix-en-Provence [&hellip;]<\/p>\n","protected":false},"author":1,"featured_media":0,"parent":30405,"menu_order":2,"comment_status":"closed","ping_status":"closed","template":"page-templates\/page-no-title.php","meta":{"footnotes":""},"class_list":["post-30406","page","type-page","status-publish","hentry","entry"],"_links":{"self":[{"href":"https:\/\/chroniques.org\/en\/wp-json\/wp\/v2\/pages\/30406","targetHints":{"allow":["GET"]}}],"collection":[{"href":"https:\/\/chroniques.org\/en\/wp-json\/wp\/v2\/pages"}],"about":[{"href":"https:\/\/chroniques.org\/en\/wp-json\/wp\/v2\/types\/page"}],"author":[{"embeddable":true,"href":"https:\/\/chroniques.org\/en\/wp-json\/wp\/v2\/users\/1"}],"replies":[{"embeddable":true,"href":"https:\/\/chroniques.org\/en\/wp-json\/wp\/v2\/comments?post=30406"}],"version-history":[{"count":36,"href":"https:\/\/chroniques.org\/en\/wp-json\/wp\/v2\/pages\/30406\/revisions"}],"predecessor-version":[{"id":34891,"href":"https:\/\/chroniques.org\/en\/wp-json\/wp\/v2\/pages\/30406\/revisions\/34891"}],"up":[{"embeddable":true,"href":"https:\/\/chroniques.org\/en\/wp-json\/wp\/v2\/pages\/30405"}],"wp:attachment":[{"href":"https:\/\/chroniques.org\/en\/wp-json\/wp\/v2\/media?parent=30406"}],"curies":[{"name":"wp","href":"https:\/\/api.w.org\/{rel}","templated":true}]}}