{"id":30402,"date":"2023-11-28T18:08:02","date_gmt":"2023-11-28T17:08:02","guid":{"rendered":"https:\/\/chroniques.org\/partners\/"},"modified":"2025-03-06T16:12:15","modified_gmt":"2025-03-06T15:12:15","slug":"partners","status":"publish","type":"page","link":"https:\/\/chroniques.org\/en\/rendez-vous\/partners\/","title":{"rendered":"Partners"},"content":{"rendered":"\n<div style=\"height:60px\" aria-hidden=\"true\" class=\"wp-block-spacer\"><\/div>\n\n<p><\/p>\n\n<h2 class=\"wp-block-heading\"><strong>Our institutional partners :<\/strong> <\/h2>\n\n<p>Union Europ\u00e9enne <br\/>Sommet pour l&#8217;Action sur l&#8217;IA <br\/>R\u00e9gion Sud Provence-Alpes-C\u00f4te d&#8217;Azur, D\u00e9partement des Bouches du Rh\u00f4ne, M\u00e9tropole Aix-Marseille-Provence, Ville de Marseille, Ville d&#8217;Aix-en-Provence, CNC &#8211; Centre National du Cin\u00e9ma, Onda &#8211; Office national de diffusion artistique.<\/p>\n\n<h2 class=\"wp-block-heading\"><strong>Our guests of honor :<\/strong><\/h2>\n\n<p>La saison de la Lituanie en France 2024 &#8211; organis\u00e9e par l&#8217;Institut Fran\u00e7ais, Gouvernement de la R\u00e9publique de Lituanie, Lithuanian Culture Institute, Kaunas Biennial, Minist\u00e8re de la culture de la R\u00e9publique de Lituanie, Mus\u00e9e national de Lituanie. <\/p>\n\n<h2 class=\"wp-block-heading\"><strong>Our international partners :<\/strong><\/h2>\n\n<p>Royaume des Pays-Bas, Mondriaan fund &#8211; arts visuels et patrimoine culturel, Qu\u00e9bec, Flanders State of the Arts, Flanders Arts Institute, Wallonie &#8211; Bruxelles International, Centre Wallonie-Bruxelles \/ Paris, Prohelvetia &#8211; fondation suisse pour la culture, Centre Culturel Suisse \u00b7 On Tour.<\/p>\n\n<h2 class=\"wp-block-heading\"><strong>Our cultural partners :<\/strong><\/h2>\n\n<p>Friche la Belle de Mai, Biennale d&#8217;Aix, Th\u00e9\u00e2tre d&#8217;Arles, Octobre Num\u00e9rique Faire Monde, Bi:Pole, Le Bon Air_OFF, Les Grandes Tables de la Friche, Hexalab, Molior, Umede.lt, 3bisf &#8211; centre d\u2019arts contemporains I r\u00e9sidences d\u2019artistes I Arts vivants &amp; Arts visuels, Alphabetville, Sc\u00e8nes &amp; Cin\u00e9 sc\u00e8ne conventionn\u00e9e art en territoire, Polaris centre d&#8217;art, Espace Julien, Pavillon Noir \/ Ballet Preljocaj, La Manufacture, Le 21 bis Mirabeau, Espace Culturel D\u00e9partemental, Le Mus\u00e9e du Pavillon de Vend\u00f4me, Le Mus\u00e9e des Tapisseries, Le Th\u00e9\u00e2tre de l\u2019Archev\u00each\u00e9, Le Th\u00e9\u00e2tre Massalia, GMEM centre national de cr\u00e9ation musicale, Les M\u00e9janes biblioth\u00e8que et archives Michel-Vovelle, le Grenier \u00e0 sel, Parall\u00e8le, Archaos \u2013 Biennale Internationale des Arts du Cirque, Lieux Publics \u2013 Centre national des arts de la rue et de l\u2019espace public et p\u00f4le europ\u00e9en de cr\u00e9ation, Parall\u00e8le, le ZEF sc\u00e8ne nationale de Marseille, deletere, l&#8217;Atelier Juxtapoz, Le Couvent, LABgamerz, halone, Fondation Vasarely, Arts Vivants Aix, Mus\u00e9e Granet Aix-en-Provence, MAC Arteum, Avatar.<\/p>\n\n<h2 class=\"wp-block-heading\"><strong>Our private partners :<\/strong><\/h2>\n\n<p>CHRONIQUES Digital Art Club, Amo Au, Ch\u00e2teau de Calavon, Converso, D. Business Design, Firstdraft Media, Francetex, Marsatwork, STid, Technicoflor, Voulez Vous.<\/p>\n\n<h2 class=\"wp-block-heading\">Our network partners :<\/h2>\n\n<p>PAC le r\u00e9seau le festival le lieu, Hacnum, RIT Realities In Transition, Digital Inter\/Section.<\/p>\n\n<h2 class=\"wp-block-heading\"><strong>Our partners and co-producers on the CHRONIQUES CR\u00c9ATIONS platform : <\/strong><\/h2>\n\n<p>3bisf, 6MIC, EDIS Fonds de dotation, GMEM centre national de cr\u00e9ation musicale, La Fruiti\u00e8re Num\u00e9rique, Lieux Publics, Dark Euphoria, Parall\u00e8le, BIAC Biennale Internationale des Arts du Cirque, Rotondes : exploration culturelle, N\u00e9mo biennale internationale des arts num\u00e9riques, Festival Interstice, Station Mir, Obliques arts &amp; cultures num\u00e9riques Normandie, St\u00e9reolux, Hexagone Sc\u00e8ne Nationale, C\u00e9sar\u00e9, Saint-Etienne Ville cr\u00e9ative design.<\/p>\n\n<h2 class=\"wp-block-heading\"><strong>Our academic partners :<\/strong> <\/h2>\n\n<p>AMU Aix Marseille Universit\u00e9, Beaux-Arts de Marseille, \u00c9cole Sup\u00e9rieure d&#8217;Art d&#8217;Aix-en-Provence F\u00e9lix Ciccolini, Vilnius Academy of Arts.<\/p>\n\n<h2 class=\"wp-block-heading\"><strong>Our media partners :<\/strong> <\/h2>\n\n<p>Beaux-Arts Magazine, Fisheye Immersive, Tsugi, Usbek &amp; Rica, Les Marseillaises, Radio Grenouille, Z\u00e9buline, La Provence, France bleu Provence, France 3 Provence Alpes C\u00f4te d&#8217;Azur.<\/p>\n\n<h2 class=\"wp-block-heading\"><strong>Our partners at the March\u00e9 des Imaginaires Num\u00e9riques :<\/strong><\/h2>\n\n<p>Union Europ\u00e9enne <br\/>La Direction g\u00e9n\u00e9rale des M\u00e9dias et des Industries culturelles, La R\u00e9gion Sud Provence-Alpes-C\u00f4te d&#8217;Azur, La M\u00e9tropole Aix-Marseille-Provence, Ville de Marseille, CNC &#8211; Centre National du Cin\u00e9ma, La Saison de la Lituanie en France 2024 &#8211; organis\u00e9e par l&#8217;Institut Fran\u00e7ais, Gouvernement de la R\u00e9publique de Lituanie, Lithuanian Culture Institute, Kaunas Biennial, Minist\u00e8re de la culture de la R\u00e9publique de Lituanie, Mus\u00e9e national de Lituanie, Ambassade de France au \u00c9tats-Unis, P\u00f4le Pixel, Club Innovation &amp; Culture 2008 &#8211; 2023, Qu\u00e9bec, Mus\u00e9e Granet Aix-en-Provence, Forum entreprendre dans la culture, Friche la Belle de Mai, Hacnum r\u00e9seau national, La Citadelle de Marseille, Cofees, Converso, Lab TMN, Villa Albertine, AMI &#8211; Aides aux musiques actuelles, Digital Inter \/ Section, RIT Realities In Transition, Culture Pixelle, Radio Grenouille.<\/p>\n\n<div style=\"height:100px\" aria-hidden=\"true\" class=\"wp-block-spacer\"><\/div>\n","protected":false},"excerpt":{"rendered":"<p>Our institutional partners : Union Europ\u00e9enne Sommet pour l&#8217;Action sur l&#8217;IA R\u00e9gion Sud Provence-Alpes-C\u00f4te d&#8217;Azur, D\u00e9partement des Bouches du Rh\u00f4ne, [&hellip;]<\/p>\n","protected":false},"author":1,"featured_media":0,"parent":30421,"menu_order":4,"comment_status":"closed","ping_status":"closed","template":"","meta":{"footnotes":""},"class_list":["post-30402","page","type-page","status-publish","hentry","entry"],"_links":{"self":[{"href":"https:\/\/chroniques.org\/en\/wp-json\/wp\/v2\/pages\/30402","targetHints":{"allow":["GET"]}}],"collection":[{"href":"https:\/\/chroniques.org\/en\/wp-json\/wp\/v2\/pages"}],"about":[{"href":"https:\/\/chroniques.org\/en\/wp-json\/wp\/v2\/types\/page"}],"author":[{"embeddable":true,"href":"https:\/\/chroniques.org\/en\/wp-json\/wp\/v2\/users\/1"}],"replies":[{"embeddable":true,"href":"https:\/\/chroniques.org\/en\/wp-json\/wp\/v2\/comments?post=30402"}],"version-history":[{"count":4,"href":"https:\/\/chroniques.org\/en\/wp-json\/wp\/v2\/pages\/30402\/revisions"}],"predecessor-version":[{"id":32567,"href":"https:\/\/chroniques.org\/en\/wp-json\/wp\/v2\/pages\/30402\/revisions\/32567"}],"up":[{"embeddable":true,"href":"https:\/\/chroniques.org\/en\/wp-json\/wp\/v2\/pages\/30421"}],"wp:attachment":[{"href":"https:\/\/chroniques.org\/en\/wp-json\/wp\/v2\/media?parent=30402"}],"curies":[{"name":"wp","href":"https:\/\/api.w.org\/{rel}","templated":true}]}}